{"id":2494,"date":"2021-03-15T14:59:10","date_gmt":"2021-03-15T14:59:10","guid":{"rendered":"https:\/\/www.ppe-factory.com\/about-us\/"},"modified":"2023-10-25T06:04:03","modified_gmt":"2023-10-25T06:04:03","slug":"wer-sind-wir","status":"publish","type":"page","link":"https:\/\/www.ppe-factory.com\/de\/wer-sind-wir\/","title":{"rendered":"Wer sind wir?"},"content":{"rendered":"<p><div class=\"fusion-fullwidth fullwidth-box fusion-builder-row-1 fusion-flex-container fusion-parallax-none nonhundred-percent-fullwidth non-hundred-percent-height-scrolling landingspage-header-wrapper\" style=\"--awb-border-radius-top-left:0px;--awb-border-radius-top-right:0px;--awb-border-radius-bottom-right:0px;--awb-border-radius-bottom-left:0px;--awb-background-image:linear-gradient(180deg, rgba(10,10,10,0.6) 0%,#0a0a0a 100%),url(https:\/\/www.ppe-factory.com\/wp-content\/uploads\/2021\/05\/Rectangle-1.jpg);;--awb-background-size:cover;--awb-flex-wrap:wrap;\" ><div class=\"fusion-builder-row fusion-row fusion-flex-align-items-center fusion-flex-content-wrap\" style=\"max-width:1352px;margin-left: calc(-4% \/ 2 );margin-right: calc(-4% \/ 2 );\"><div class=\"fusion-layout-column fusion_builder_column fusion-builder-column-0 fusion_builder_column_1_1 1_1 fusion-flex-column\" style=\"--awb-bg-size:cover;--awb-width-large:100%;--awb-margin-top-large:0px;--awb-spacing-right-large:1.92%;--awb-margin-bottom-large:24px;--awb-spacing-left-large:1.92%;--awb-width-medium:100%;--awb-order-medium:0;--awb-spacing-right-medium:1.92%;--awb-spacing-left-medium:1.92%;--awb-width-small:100%;--awb-order-small:0;--awb-spacing-right-small:1.92%;--awb-spacing-left-small:1.92%;\"><div class=\"fusion-column-wrapper fusion-column-has-shadow fusion-flex-justify-content-flex-start fusion-content-layout-column\"><div class=\"fusion-title title fusion-title-1 fusion-sep-none fusion-title-text fusion-title-size-two\" style=\"--awb-margin-bottom:0px;--awb-margin-top-small:8px;--awb-margin-right-small:0px;--awb-margin-bottom-small:24px;--awb-margin-left-small:0px;--awb-font-size:128px;\"><h2 class=\"fusion-title-heading title-heading-left fusion-responsive-typography-calculated\" style=\"margin:0;font-size:1em;--fontSize:128;line-height:1;\">we are<\/h2><\/div><div class=\"fusion-title title fusion-title-2 fusion-sep-none fusion-title-text fusion-title-size-one\" style=\"--awb-margin-top:0px;--awb-margin-top-small:8px;--awb-margin-right-small:0px;--awb-margin-bottom-small:24px;--awb-margin-left-small:0px;--awb-font-size:256px;\"><h1 class=\"fusion-title-heading title-heading-left fusion-responsive-typography-calculated\" style=\"margin:0;font-size:1em;--fontSize:256;line-height:1;\"><span class=\"text-effect\">PPE Factory<\/span><\/h1><\/div><\/div><\/div><\/div><\/div><div class=\"fusion-fullwidth fullwidth-box fusion-builder-row-2 fusion-flex-container nonhundred-percent-fullwidth non-hundred-percent-height-scrolling\" style=\"--awb-border-radius-top-left:0px;--awb-border-radius-top-right:0px;--awb-border-radius-bottom-right:0px;--awb-border-radius-bottom-left:0px;--awb-flex-wrap:wrap;\" ><div class=\"fusion-builder-row fusion-row fusion-flex-align-items-flex-start fusion-flex-content-wrap\" style=\"max-width:calc( 1300px + 100px );margin-left: calc(-100px \/ 2 );margin-right: calc(-100px \/ 2 );\"><div class=\"fusion-layout-column fusion_builder_column fusion-builder-column-1 fusion_builder_column_1_2 1_2 fusion-flex-column\" style=\"--awb-bg-size:cover;--awb-width-large:50%;--awb-margin-top-large:0px;--awb-spacing-right-large:50px;--awb-margin-bottom-large:24px;--awb-spacing-left-large:50px;--awb-width-medium:50%;--awb-order-medium:0;--awb-spacing-right-medium:50px;--awb-spacing-left-medium:50px;--awb-width-small:100%;--awb-order-small:0;--awb-spacing-right-small:50px;--awb-spacing-left-small:50px;\"><div class=\"fusion-column-wrapper fusion-column-has-shadow fusion-flex-justify-content-flex-start fusion-content-layout-column\"><div class=\"fusion-text fusion-text-1\"><p>PPE Factory ist seit mehr als 60 Jahren weltweit als Entwickler und Hersteller von pers\u00f6nlicher Schutzartikel bekannt, die Benutzer vor extremsten Bedingungen sch\u00fctzt.<br \/>\nEs vergeht kein Tag, an dem wir nach neuen L\u00f6sungen suchen, um unsere Produkte zu verbessern und sie noch gem\u00fctlicher zu machen.<\/p>\n<p>Neben unserer pers\u00f6nlichen Schutzartikel haben wir uns auch einen guten Ruf erarbeitet als Entwickler und Hersteller von Situationsschutzausr\u00fcstung wie Offshore-Schutzausr\u00fcstung, Feuerwehr, Metallurgie, Glasfabriken, Schwei\u00dfunternehmen,Bereiche mit Lithium-Ionen-Batterien usw.<\/p>\n<\/div><\/div><\/div><div class=\"fusion-layout-column fusion_builder_column fusion-builder-column-2 fusion_builder_column_1_2 1_2 fusion-flex-column\" style=\"--awb-bg-size:cover;--awb-width-large:50%;--awb-margin-top-large:0px;--awb-spacing-right-large:50px;--awb-margin-bottom-large:24px;--awb-spacing-left-large:50px;--awb-width-medium:50%;--awb-order-medium:0;--awb-spacing-right-medium:50px;--awb-spacing-left-medium:50px;--awb-width-small:100%;--awb-order-small:0;--awb-spacing-right-small:50px;--awb-spacing-left-small:50px;\"><div class=\"fusion-column-wrapper fusion-column-has-shadow fusion-flex-justify-content-flex-start fusion-content-layout-column\"><div class=\"fusion-text fusion-text-2\"><p>Die durch PPE Factory entworfenen und hergestellten pers\u00f6nlichen Schutzausr\u00fcstung hat bisher zu sehr zufriedenen Kunden gef\u00fchrt.<br \/>\nWir versuchen, m\u00f6glichst viele geeignete L\u00f6sungen f\u00fcr die manchmal sehr schwierigen Umst\u00e4nde anzubieten, unter denen die Benutzer ihre Arbeit ausf\u00fchren m\u00fcssen.<\/p>\n<p>PPE Factory produziert in den Niederlanden, Polen, Bulgarien und der T\u00fcrkei.<br \/>\nUnser Hauptsitz und zwei Entwicklungs- und Produktionsstandorte befinden sich in Winterswijk.<\/p>\n<p>PPE Factory arbeitet mit AITEX zusammen, wo alle unsere verwendeten Materialien gem\u00e4\u00df den geltenden europ\u00e4ischen Normen gepr\u00fcft und \/ oder zertifiziert werden.<\/p>\n<p>PPE Factory ist ISO9001-zertifiziert!<\/p>\n<\/div><\/div><\/div><\/div><\/div><div class=\"fusion-fullwidth fullwidth-box fusion-builder-row-3 fusion-flex-container hundred-percent-fullwidth non-hundred-percent-height-scrolling home-intro-container\" style=\"--awb-border-radius-top-left:0px;--awb-border-radius-top-right:0px;--awb-border-radius-bottom-right:0px;--awb-border-radius-bottom-left:0px;--awb-padding-top:240px;--awb-padding-right:0px;--awb-padding-left:0px;--awb-flex-wrap:wrap;\" ><div class=\"fusion-builder-row fusion-row fusion-flex-align-items-flex-start fusion-flex-justify-content-center fusion-flex-content-wrap\" style=\"width:104% !important;max-width:104% !important;margin-left: calc(-4% \/ 2 );margin-right: calc(-4% \/ 2 );\"><div class=\"fusion-layout-column fusion_builder_column fusion-builder-column-3 fusion_builder_column_1_1 1_1 fusion-flex-column max-width-1300\" style=\"--awb-bg-size:cover;--awb-width-large:100%;--awb-margin-top-large:0px;--awb-spacing-right-large:1.92%;--awb-margin-bottom-large:24px;--awb-spacing-left-large:1.92%;--awb-width-medium:100%;--awb-order-medium:0;--awb-spacing-right-medium:1.92%;--awb-spacing-left-medium:1.92%;--awb-width-small:100%;--awb-order-small:0;--awb-spacing-right-small:1.92%;--awb-spacing-left-small:1.92%;\"><div class=\"fusion-column-wrapper fusion-column-has-shadow fusion-flex-justify-content-flex-start fusion-content-layout-column\"><div class=\"fusion-title title fusion-title-3 fusion-sep-none fusion-title-text fusion-title-size-one intro-title\" style=\"--awb-margin-top-small:8px;--awb-margin-right-small:0px;--awb-margin-bottom-small:24px;--awb-margin-left-small:0px;\"><h1 class=\"fusion-title-heading title-heading-left fusion-responsive-typography-calculated\" style=\"margin:0;--fontSize:128;line-height:1;\">we create equipment to protect people.<\/h1><\/div><\/div><\/div><div class=\"fusion-layout-column fusion_builder_column fusion-builder-column-4 fusion_builder_column_1_1 1_1 fusion-flex-column max-width-1700\" style=\"--awb-bg-size:cover;--awb-width-large:100%;--awb-margin-top-large:0px;--awb-spacing-right-large:1.92%;--awb-margin-bottom-large:24px;--awb-spacing-left-large:1.92%;--awb-width-medium:100%;--awb-order-medium:0;--awb-spacing-right-medium:1.92%;--awb-spacing-left-medium:1.92%;--awb-width-small:100%;--awb-order-small:0;--awb-spacing-right-small:1.92%;--awb-spacing-left-small:1.92%;\"><div class=\"fusion-column-wrapper fusion-column-has-shadow fusion-flex-justify-content-flex-start fusion-content-layout-column\"><div class=\"categories-wrapper\"><div class=\"categories-container\"><div class=\"single-category-container post-content heatbeater\"><img decoding=\"async\" src=\"https:\/\/www.ppe-factory.com\/wp-content\/uploads\/2021\/03\/heat-beater.png\"\/><h2><span class=\"category-color\">Heat<\/span><br\/><span class=\"text-effect\">beater<\/span><\/h2><p>Heatbeater-Bekleidung und Heatbeater-Handschuhe sind seit 1962 marktf\u00fchrend in Bezug auf Qualit\u00e4t und Innovation.<\/p><a href=\"https:\/\/www.ppe-factory.com\/de\/heatbeater\/\">Explore<\/a><\/div><div class=\"single-category-container post-content glassbeater\"><img decoding=\"async\" src=\"https:\/\/www.ppe-factory.com\/wp-content\/uploads\/2021\/03\/glass-beater.png\"\/><h2><span class=\"category-color\">Glass<\/span><br\/><span class=\"text-effect\">beater<\/span><\/h2><p>Unsere schnitt- und stichbest\u00e4ndige Kleidung ist nicht mehr weg zu denken aus der Glas- und Metallindustrie.<\/p><a href=\"https:\/\/www.ppe-factory.com\/de\/glassbeater\/\">Explore<\/a><\/div><div class=\"single-category-container post-content special-products\"><img decoding=\"async\" src=\"\"\/><h2><span class=\"category-color\">Special<\/span><br\/><span class=\"text-effect\">products<\/span><\/h2><p>Wir werden regelm\u00e4\u00dfig gebeten, an neuen Produkten teilzunehmen, die Sie bei den Specials finden<\/p><a href=\"https:\/\/www.ppe-factory.com\/de\/special-products\/\">Explore<\/a><\/div><\/div><\/div><\/div><\/div><div class=\"fusion-layout-column fusion_builder_column fusion-builder-column-5 fusion_builder_column_1_1 1_1 fusion-flex-column max-width-1300\" style=\"--awb-bg-size:cover;--awb-width-large:100%;--awb-margin-top-large:0px;--awb-spacing-right-large:1.92%;--awb-margin-bottom-large:24px;--awb-spacing-left-large:1.92%;--awb-width-medium:100%;--awb-order-medium:0;--awb-spacing-right-medium:1.92%;--awb-spacing-left-medium:1.92%;--awb-width-small:100%;--awb-order-small:0;--awb-spacing-right-small:1.92%;--awb-spacing-left-small:1.92%;\"><div class=\"fusion-column-wrapper fusion-column-has-shadow fusion-flex-justify-content-flex-start fusion-content-layout-column\"><div class=\"fusion-text fusion-text-3\"><p style=\"text-align: right;\">For questions about our products call <a href=\"tel:31345533555\">+31(0) 345 53 35 55<\/a> or send a mail to <a href=\"mailto:info@ppe-factory.com\">info@ppe-factory.com<\/a>.<\/p>\n<\/div><\/div><\/div><\/div><\/div><div class=\"fusion-fullwidth fullwidth-box fusion-builder-row-4 fusion-flex-container hundred-percent-fullwidth non-hundred-percent-height-scrolling\" style=\"--awb-border-radius-top-left:0px;--awb-border-radius-top-right:0px;--awb-border-radius-bottom-right:0px;--awb-border-radius-bottom-left:0px;--awb-padding-right:0px;--awb-padding-left:0px;--awb-flex-wrap:wrap;\" ><div class=\"fusion-builder-row fusion-row fusion-flex-align-items-flex-start fusion-flex-justify-content-center fusion-flex-content-wrap\" style=\"width:104% !important;max-width:104% !important;margin-left: calc(-4% \/ 2 );margin-right: calc(-4% \/ 2 );\"><div class=\"fusion-layout-column fusion_builder_column fusion-builder-column-6 fusion_builder_column_1_1 1_1 fusion-flex-column max-width-1300\" style=\"--awb-bg-size:cover;--awb-width-large:100%;--awb-margin-top-large:0px;--awb-spacing-right-large:1.92%;--awb-margin-bottom-large:24px;--awb-spacing-left-large:1.92%;--awb-width-medium:100%;--awb-order-medium:0;--awb-spacing-right-medium:1.92%;--awb-spacing-left-medium:1.92%;--awb-width-small:100%;--awb-order-small:0;--awb-spacing-right-small:1.92%;--awb-spacing-left-small:1.92%;\"><div class=\"fusion-column-wrapper fusion-column-has-shadow fusion-flex-justify-content-flex-start fusion-content-layout-column\"><div class=\"fusion-title title fusion-title-4 fusion-sep-none fusion-title-text fusion-title-size-two\" style=\"--awb-margin-top-small:8px;--awb-margin-right-small:0px;--awb-margin-bottom-small:24px;--awb-margin-left-small:0px;\"><h2 class=\"fusion-title-heading title-heading-left fusion-responsive-typography-calculated\" style=\"margin:0;--fontSize:64;line-height:1;\">Our Custom made products in action<\/h2><\/div><\/div><\/div><div class=\"fusion-layout-column fusion_builder_column fusion-builder-column-7 fusion_builder_column_1_1 1_1 fusion-flex-column\" style=\"--awb-bg-size:cover;--awb-width-large:100%;--awb-margin-top-large:0px;--awb-spacing-right-large:1.92%;--awb-margin-bottom-large:24px;--awb-spacing-left-large:1.92%;--awb-width-medium:100%;--awb-order-medium:0;--awb-spacing-right-medium:1.92%;--awb-spacing-left-medium:1.92%;--awb-width-small:100%;--awb-order-small:0;--awb-spacing-right-small:1.92%;--awb-spacing-left-small:1.92%;\"><div class=\"fusion-column-wrapper fusion-column-has-shadow fusion-flex-justify-content-flex-start fusion-content-layout-column\"><div class=\"posts-wrapper owl-carousel post-slider slides  masonary\"><div class=\"single-post-wrapper\"><div class=\"single-post-container  \"><div class=\"single-post-image\"><img decoding=\"async\" src=\"https:\/\/www.ppe-factory.com\/wp-content\/uploads\/2025\/04\/PPE-Factory_Li-Guard-Fire-Limitation-Blanket-49.jpg\"\/><\/div><\/div><\/div><div class=\"single-post-wrapper\"><div class=\"single-post-container  \"><div class=\"single-post-image\"><img decoding=\"async\" src=\"https:\/\/www.ppe-factory.com\/wp-content\/uploads\/2025\/04\/PPE-Factory_Li-Guard-Bike-battery-bag-helmet-82.jpg\"\/><\/div><\/div><div class=\"single-post-container  \"><div class=\"single-post-image\"><img decoding=\"async\" src=\"https:\/\/www.ppe-factory.com\/wp-content\/uploads\/2025\/03\/PPE-Factory_Li-Guard-Fire-Limitation-Blankets-108.jpg\"\/><\/div><\/div><\/div><div class=\"single-post-wrapper\"><div class=\"single-post-container  \"><div class=\"single-post-image\"><img decoding=\"async\" src=\"https:\/\/www.ppe-factory.com\/wp-content\/uploads\/2025\/03\/PPE-Factory_Li-Guard-Fire-Limitation-Blankets-26.jpg\"\/><\/div><\/div><\/div><div class=\"single-post-wrapper\"><div class=\"single-post-container  \"><div class=\"single-post-image\"><img decoding=\"async\" src=\"https:\/\/www.ppe-factory.com\/wp-content\/uploads\/2025\/03\/LiGuard-Fire-containment-solutions-119.jpg\"\/><\/div><\/div><div class=\"single-post-container  \"><div class=\"single-post-image\"><img decoding=\"async\" src=\"https:\/\/www.ppe-factory.com\/wp-content\/uploads\/2021\/03\/slide-6.jpg\"\/><\/div><\/div><\/div><div class=\"single-post-wrapper\"><div class=\"single-post-container  \"><div class=\"single-post-image\"><img decoding=\"async\" src=\"https:\/\/www.ppe-factory.com\/wp-content\/uploads\/2021\/03\/ppe-specials.jpg\"\/><\/div><\/div><\/div><div class=\"single-post-wrapper\"><div class=\"single-post-container  \"><div class=\"single-post-image\"><img decoding=\"async\" src=\"https:\/\/www.ppe-factory.com\/wp-content\/uploads\/2023\/02\/Heat-resistant-well-insulating-garments-women.jpg\"\/><\/div><\/div><div class=\"single-post-container  \"><div class=\"single-post-image\"><img decoding=\"async\" src=\"https:\/\/www.ppe-factory.com\/wp-content\/uploads\/2023\/02\/PPE-Factory-Heat-resistant-well-insulating-garments.jpg\"\/><\/div><\/div><\/div><div class=\"single-post-wrapper\"><div class=\"single-post-container  \"><div class=\"single-post-image\"><img decoding=\"async\" src=\"https:\/\/www.ppe-factory.com\/wp-content\/uploads\/2023\/10\/3899-Lady-and-Man-in-sweater-Cut-resistant-PPE-Factory.jpg\"\/><\/div><\/div><\/div><div class=\"single-post-wrapper\"><div class=\"single-post-container  \"><div class=\"single-post-image\"><img decoding=\"async\" src=\"https:\/\/www.ppe-factory.com\/wp-content\/uploads\/2023\/10\/3564-Sweatshirt-cut-restistant-PPE-Factory-Broodkruimel_Creations-106.jpg\"\/><\/div><\/div><div class=\"single-post-container  \"><div class=\"single-post-image\"><img decoding=\"async\" src=\"https:\/\/www.ppe-factory.com\/wp-content\/uploads\/2023\/09\/3096-T-shirt-Cut-resistent-PPE-Factory-Broodkruimel_Creations-45.jpg\"\/><\/div><\/div><\/div><div class=\"single-post-wrapper\"><div class=\"single-post-container  \"><div class=\"single-post-image\"><img decoding=\"async\" src=\"https:\/\/www.ppe-factory.com\/wp-content\/uploads\/2023\/09\/3564-Sweatshirt-cut-restistant-PPE-Factory-Broodkruimel_Creations-66.jpg\"\/><\/div><\/div><\/div><div class=\"single-post-wrapper\"><div class=\"single-post-container  \"><div class=\"single-post-image\"><img decoding=\"async\" src=\"https:\/\/www.ppe-factory.com\/wp-content\/uploads\/2023\/09\/Polo-shirt-3899-cut-resistant-color-grey.jpg\"\/><\/div><\/div><div class=\"single-post-container  \"><div class=\"single-post-image\"><img decoding=\"async\" src=\"https:\/\/www.ppe-factory.com\/wp-content\/uploads\/2023\/02\/PPE-Factory-heat-resistant-well-insulating-garments-sleeve.jpg\"\/><\/div><\/div><\/div><div class=\"single-post-wrapper\"><div class=\"single-post-container  \"><div class=\"single-post-image\"><img decoding=\"async\" src=\"https:\/\/www.ppe-factory.com\/wp-content\/uploads\/2018\/11\/glassbeater-slider-2.jpg\"\/><\/div><\/div><\/div><div class=\"single-post-wrapper\"><div class=\"single-post-container  \"><div class=\"single-post-image\"><img decoding=\"async\" src=\"https:\/\/www.ppe-factory.com\/wp-content\/uploads\/2021\/05\/Slider-PPE-14.jpg\"\/><\/div><\/div><div class=\"single-post-container  \"><div class=\"single-post-image\"><img decoding=\"async\" src=\"https:\/\/www.ppe-factory.com\/wp-content\/uploads\/2021\/05\/Slider-PPE-13.jpg\"\/><\/div><\/div><\/div><div class=\"single-post-wrapper\"><div class=\"single-post-container  \"><div class=\"single-post-image\"><img decoding=\"async\" src=\"https:\/\/www.ppe-factory.com\/wp-content\/uploads\/2021\/05\/Slider-PPE-12.jpg\"\/><\/div><\/div><\/div><div class=\"single-post-wrapper\"><div class=\"single-post-container  \"><div class=\"single-post-image\"><img decoding=\"async\" src=\"https:\/\/www.ppe-factory.com\/wp-content\/uploads\/2021\/05\/Slider-PPE-11.jpg\"\/><\/div><\/div><div class=\"single-post-container  \"><div class=\"single-post-image\"><img decoding=\"async\" src=\"https:\/\/www.ppe-factory.com\/wp-content\/uploads\/2021\/05\/Slider-PPE-9.jpg\"\/><\/div><\/div><\/div><div class=\"single-post-wrapper\"><div class=\"single-post-container  \"><div class=\"single-post-image\"><img decoding=\"async\" src=\"https:\/\/www.ppe-factory.com\/wp-content\/uploads\/2021\/05\/Slider-PPE-10.jpg\"\/><\/div><\/div><\/div><div class=\"single-post-wrapper\"><div class=\"single-post-container  \"><div class=\"single-post-image\"><img decoding=\"async\" src=\"https:\/\/www.ppe-factory.com\/wp-content\/uploads\/2021\/03\/Slider-PPE-7.jpg\"\/><\/div><\/div><div class=\"single-post-container  \"><div class=\"single-post-image\"><img decoding=\"async\" src=\"https:\/\/www.ppe-factory.com\/wp-content\/uploads\/2021\/03\/Slider-PPE-8.jpg\"\/><\/div><\/div><\/div><div class=\"single-post-wrapper\"><div class=\"single-post-container  \"><div class=\"single-post-image\"><img decoding=\"async\" src=\"https:\/\/www.ppe-factory.com\/wp-content\/uploads\/2021\/03\/Slider-PPE-4-1.jpg\"\/><\/div><\/div><\/div><div class=\"single-post-wrapper\"><div class=\"single-post-container  \"><div class=\"single-post-image\"><img decoding=\"async\" src=\"https:\/\/www.ppe-factory.com\/wp-content\/uploads\/2021\/03\/Slider-PPE-3.jpg\"\/><\/div><\/div><div class=\"single-post-container  \"><div class=\"single-post-image\"><img decoding=\"async\" src=\"https:\/\/www.ppe-factory.com\/wp-content\/uploads\/2021\/03\/Slider-PPE-5.jpg\"\/><\/div><\/div><\/div><div class=\"single-post-wrapper\"><div class=\"single-post-container  \"><div class=\"single-post-image\"><img decoding=\"async\" src=\"https:\/\/www.ppe-factory.com\/wp-content\/uploads\/2021\/03\/Slider-PPE-6.jpg\"\/><\/div><\/div><\/div><\/div><\/div><\/div><\/div><\/div><\/div><\/p>\n","protected":false},"excerpt":{"rendered":"","protected":false},"author":1,"featured_media":0,"parent":0,"menu_order":0,"comment_status":"closed","ping_status":"closed","template":"100-width.php","meta":{"footnotes":""},"class_list":["post-2494","page","type-page","status-publish","hentry"],"yoast_head":"<!-- This site is optimized with the Yoast SEO plugin v27.1.1 - https:\/\/yoast.com\/product\/yoast-seo-wordpress\/ -->\n<title>Wer sind wir? - PPE Factory<\/title>\n<meta name=\"robots\" content=\"index, follow, max-snippet:-1, max-image-preview:large, max-video-preview:-1\" \/>\n<link rel=\"canonical\" href=\"https:\/\/www.ppe-factory.com\/de\/wer-sind-wir\/\" \/>\n<meta property=\"og:locale\" content=\"de_DE\" \/>\n<meta property=\"og:type\" content=\"article\" \/>\n<meta property=\"og:title\" content=\"Wer sind wir? - PPE Factory\" \/>\n<meta property=\"og:url\" content=\"https:\/\/www.ppe-factory.com\/de\/wer-sind-wir\/\" \/>\n<meta property=\"og:site_name\" content=\"PPE Factory\" \/>\n<meta property=\"article:modified_time\" content=\"2023-10-25T06:04:03+00:00\" \/>\n<meta name=\"twitter:card\" content=\"summary_large_image\" \/>\n<meta name=\"twitter:label1\" content=\"Gesch\u00e4tzte Lesezeit\" \/>\n\t<meta name=\"twitter:data1\" content=\"8\u00a0Minuten\" \/>\n<script type=\"application\/ld+json\" class=\"yoast-schema-graph\">{\"@context\":\"https:\/\/schema.org\",\"@graph\":[{\"@type\":\"WebPage\",\"@id\":\"https:\/\/www.ppe-factory.com\/de\/wer-sind-wir\/\",\"url\":\"https:\/\/www.ppe-factory.com\/de\/wer-sind-wir\/\",\"name\":\"Wer sind wir? - PPE Factory\",\"isPartOf\":{\"@id\":\"https:\/\/www.ppe-factory.com\/de\/#website\"},\"datePublished\":\"2021-03-15T14:59:10+00:00\",\"dateModified\":\"2023-10-25T06:04:03+00:00\",\"breadcrumb\":{\"@id\":\"https:\/\/www.ppe-factory.com\/de\/wer-sind-wir\/#breadcrumb\"},\"inLanguage\":\"de\",\"potentialAction\":[{\"@type\":\"ReadAction\",\"target\":[\"https:\/\/www.ppe-factory.com\/de\/wer-sind-wir\/\"]}]},{\"@type\":\"BreadcrumbList\",\"@id\":\"https:\/\/www.ppe-factory.com\/de\/wer-sind-wir\/#breadcrumb\",\"itemListElement\":[{\"@type\":\"ListItem\",\"position\":1,\"name\":\"PPE Factory\",\"item\":\"https:\/\/www.ppe-factory.com\/de\/\"},{\"@type\":\"ListItem\",\"position\":2,\"name\":\"Wer sind wir?\"}]},{\"@type\":\"WebSite\",\"@id\":\"https:\/\/www.ppe-factory.com\/de\/#website\",\"url\":\"https:\/\/www.ppe-factory.com\/de\/\",\"name\":\"PPE Factory\",\"description\":\"\",\"potentialAction\":[{\"@type\":\"SearchAction\",\"target\":{\"@type\":\"EntryPoint\",\"urlTemplate\":\"https:\/\/www.ppe-factory.com\/de\/?s={search_term_string}\"},\"query-input\":{\"@type\":\"PropertyValueSpecification\",\"valueRequired\":true,\"valueName\":\"search_term_string\"}}],\"inLanguage\":\"de\"}]}<\/script>\n<!-- \/ Yoast SEO plugin. -->","yoast_head_json":{"title":"Wer sind wir? - PPE Factory","robots":{"index":"index","follow":"follow","max-snippet":"max-snippet:-1","max-image-preview":"max-image-preview:large","max-video-preview":"max-video-preview:-1"},"canonical":"https:\/\/www.ppe-factory.com\/de\/wer-sind-wir\/","og_locale":"de_DE","og_type":"article","og_title":"Wer sind wir? - PPE Factory","og_url":"https:\/\/www.ppe-factory.com\/de\/wer-sind-wir\/","og_site_name":"PPE Factory","article_modified_time":"2023-10-25T06:04:03+00:00","twitter_card":"summary_large_image","twitter_misc":{"Gesch\u00e4tzte Lesezeit":"8\u00a0Minuten"},"schema":{"@context":"https:\/\/schema.org","@graph":[{"@type":"WebPage","@id":"https:\/\/www.ppe-factory.com\/de\/wer-sind-wir\/","url":"https:\/\/www.ppe-factory.com\/de\/wer-sind-wir\/","name":"Wer sind wir? - PPE Factory","isPartOf":{"@id":"https:\/\/www.ppe-factory.com\/de\/#website"},"datePublished":"2021-03-15T14:59:10+00:00","dateModified":"2023-10-25T06:04:03+00:00","breadcrumb":{"@id":"https:\/\/www.ppe-factory.com\/de\/wer-sind-wir\/#breadcrumb"},"inLanguage":"de","potentialAction":[{"@type":"ReadAction","target":["https:\/\/www.ppe-factory.com\/de\/wer-sind-wir\/"]}]},{"@type":"BreadcrumbList","@id":"https:\/\/www.ppe-factory.com\/de\/wer-sind-wir\/#breadcrumb","itemListElement":[{"@type":"ListItem","position":1,"name":"PPE Factory","item":"https:\/\/www.ppe-factory.com\/de\/"},{"@type":"ListItem","position":2,"name":"Wer sind wir?"}]},{"@type":"WebSite","@id":"https:\/\/www.ppe-factory.com\/de\/#website","url":"https:\/\/www.ppe-factory.com\/de\/","name":"PPE Factory","description":"","potentialAction":[{"@type":"SearchAction","target":{"@type":"EntryPoint","urlTemplate":"https:\/\/www.ppe-factory.com\/de\/?s={search_term_string}"},"query-input":{"@type":"PropertyValueSpecification","valueRequired":true,"valueName":"search_term_string"}}],"inLanguage":"de"}]}},"_links":{"self":[{"href":"https:\/\/www.ppe-factory.com\/de\/wp-json\/wp\/v2\/pages\/2494","targetHints":{"allow":["GET"]}}],"collection":[{"href":"https:\/\/www.ppe-factory.com\/de\/wp-json\/wp\/v2\/pages"}],"about":[{"href":"https:\/\/www.ppe-factory.com\/de\/wp-json\/wp\/v2\/types\/page"}],"author":[{"embeddable":true,"href":"https:\/\/www.ppe-factory.com\/de\/wp-json\/wp\/v2\/users\/1"}],"replies":[{"embeddable":true,"href":"https:\/\/www.ppe-factory.com\/de\/wp-json\/wp\/v2\/comments?post=2494"}],"version-history":[{"count":10,"href":"https:\/\/www.ppe-factory.com\/de\/wp-json\/wp\/v2\/pages\/2494\/revisions"}],"predecessor-version":[{"id":4726,"href":"https:\/\/www.ppe-factory.com\/de\/wp-json\/wp\/v2\/pages\/2494\/revisions\/4726"}],"wp:attachment":[{"href":"https:\/\/www.ppe-factory.com\/de\/wp-json\/wp\/v2\/media?parent=2494"}],"curies":[{"name":"wp","href":"https:\/\/api.w.org\/{rel}","templated":true}]}}