{"id":6919,"date":"2024-11-27T10:32:01","date_gmt":"2024-11-27T10:32:01","guid":{"rendered":"https:\/\/www.ppe-factory.com\/zertifikate\/"},"modified":"2024-12-24T10:42:34","modified_gmt":"2024-12-24T10:42:34","slug":"zertifikate","status":"publish","type":"page","link":"https:\/\/www.ppe-factory.com\/de\/zertifikate\/","title":{"rendered":"Zertifikate"},"content":{"rendered":"<div class=\"fusion-fullwidth fullwidth-box fusion-builder-row-1 fusion-flex-container has-pattern-background has-mask-background nonhundred-percent-fullwidth non-hundred-percent-height-scrolling\" style=\"--awb-border-radius-top-left:0px;--awb-border-radius-top-right:0px;--awb-border-radius-bottom-right:0px;--awb-border-radius-bottom-left:0px;--awb-padding-top:228px;--awb-flex-wrap:wrap;\" ><div class=\"fusion-builder-row fusion-row fusion-flex-align-items-flex-start fusion-flex-content-wrap\" style=\"max-width:1352px;margin-left: calc(-4% \/ 2 );margin-right: calc(-4% \/ 2 );\"><div class=\"fusion-layout-column fusion_builder_column fusion-builder-column-0 fusion_builder_column_3_4 3_4 fusion-flex-column\" style=\"--awb-bg-size:cover;--awb-width-large:75%;--awb-margin-top-large:0px;--awb-spacing-right-large:2.56%;--awb-margin-bottom-large:24px;--awb-spacing-left-large:2.56%;--awb-width-medium:75%;--awb-order-medium:0;--awb-spacing-right-medium:2.56%;--awb-spacing-left-medium:2.56%;--awb-width-small:100%;--awb-order-small:0;--awb-spacing-right-small:1.92%;--awb-spacing-left-small:1.92%;\"><div class=\"fusion-column-wrapper fusion-column-has-shadow fusion-flex-justify-content-flex-start fusion-content-layout-column\"><div class=\"fusion-title title fusion-title-1 fusion-sep-none fusion-title-text fusion-title-size-one\" style=\"--awb-margin-top-small:8px;--awb-margin-right-small:0px;--awb-margin-bottom-small:24px;--awb-margin-left-small:0px;\"><h1 class=\"fusion-title-heading title-heading-left fusion-responsive-typography-calculated\" style=\"margin:0;--fontSize:128;line-height:1;\">Zertifikate<\/h1><\/div><div class=\"fusion-text fusion-text-1\"><h3>AITEX-zertifiziert<\/h3>\n<p>Unsere pers\u00f6nliche Schutzausr\u00fcstung (PSA) bietet Ihnen den h\u00f6chsten Schutzfaktor und ist gleichzeitig bequem und leicht zu tragen.<\/p>\n<p><strong>Shirts<\/strong><\/p>\n<p>AITEX-zertifiziert nach Stufe E und F sind die \u00c4rmel der:<\/p>\n<ul>\n<li><a href=\"https:\/\/www.ppe-factory.com\/product\/t-shirt-3096\/\" target=\"_blank\" rel=\"noopener\">T-Shirts (3096)<\/a><\/li>\n<li><a href=\"https:\/\/www.ppe-factory.com\/product\/t-shirt-3096\/\" target=\"_blank\" rel=\"noopener\">Poloshirts (3899)<\/a><\/li>\n<li><a href=\"https:\/\/www.ppe-factory.com\/product\/sweatshirt-3564\/\" target=\"_blank\" rel=\"noopener\">Sweatshirts (3564)<\/a>.<\/li>\n<\/ul>\n<p><strong>Hosen<\/strong><\/p>\n<ul>\n<li><a href=\"https:\/\/www.ppe-factory.com\/product\/trousers-6002\/\" target=\"_blank\" rel=\"noopener\">Hosen 6000 &amp; 6002<\/a><\/li>\n<\/ul>\n<p>Da PPE Factory st\u00e4ndig an der Verbesserung seiner Produkte arbeitet, werden wir hier in K\u00fcrze weitere ausgezeichnete Zertifikate f\u00fcr unsere umfangreiche PSA-Kollektion ver\u00f6ffentlichen.<\/p>\n<\/div><div ><a class=\"fusion-button button-flat fusion-button-default-size button-default fusion-button-default button-1 fusion-button-default-span fusion-button-default-type\" style=\"--button_margin-top:24px;\" target=\"_blank\" rel=\"noopener noreferrer\" href=\"https:\/\/www.ppe-factory.com\/wp-content\/uploads\/2024\/11\/2023ep4313-AITEX-certificate-for-PPE-Factory_sm.pdf\"><span class=\"fusion-button-text awb-button__text awb-button__text--default\">AITEX Zertifikat shirts Klasse E<\/span><\/a><\/div><div ><a class=\"fusion-button button-flat fusion-button-default-size button-default fusion-button-default button-2 fusion-button-default-span fusion-button-default-type\" style=\"--button_margin-top:24px;\" target=\"_blank\" rel=\"noopener noreferrer\" href=\"https:\/\/www.ppe-factory.com\/wp-content\/uploads\/2024\/11\/2024EP0246-1-AITEX-certificate-for-PPE-Factory.pdf\"><span class=\"fusion-button-text awb-button__text awb-button__text--default\">AITEX Zertifikat shirts Klasse F<\/span><\/a><\/div><div ><a class=\"fusion-button button-flat fusion-button-default-size button-default fusion-button-default button-3 fusion-button-default-span fusion-button-default-type\" style=\"--button_margin-top:24px;\" target=\"_blank\" rel=\"noopener noreferrer\" href=\"https:\/\/www.ppe-factory.com\/wp-content\/uploads\/2024\/12\/2024ep2671-Aitex-certificate-for-trousers-PPE-Factory.pdf\"><span class=\"fusion-button-text awb-button__text awb-button__text--default\">AITEX Certificate trousers<\/span><\/a><\/div>\n<div class=\"fusion-text fusion-text-2\" style=\"--awb-margin-top:3vw;\"><h3>ISO 9001 zertifiziert<\/h3>\n<p>ISO 9001 ist eine weltweit anerkannte Norm mit Anforderungen an das Qualit\u00e4tsmanagement und damit ein Ma\u00dfstab f\u00fcr Transparenz und Zuverl\u00e4ssigkeit auf dem Markt. Das Qualit\u00e4tsmanagement spiegelt sich in allen Bereichen des Produktionsprozesses bei PPE Factory wider.<\/p>\n<\/div><div ><a class=\"fusion-button button-flat fusion-button-default-size button-default fusion-button-default button-4 fusion-button-default-span fusion-button-default-type\" style=\"--button_margin-top:24px;\" target=\"_blank\" rel=\"noopener noreferrer\" href=\"https:\/\/www.ppe-factory.com\/wp-content\/uploads\/2024\/11\/ISO-9001_2241570_UK_2024-PPE-Factory.pdf\"><span class=\"fusion-button-text awb-button__text awb-button__text--default\">ISO 9001 Zertifikat<\/span><\/a><\/div><\/div><\/div><\/div><\/div>\n","protected":false},"excerpt":{"rendered":"","protected":false},"author":1,"featured_media":0,"parent":0,"menu_order":0,"comment_status":"closed","ping_status":"closed","template":"","meta":{"footnotes":""},"class_list":["post-6919","page","type-page","status-publish","hentry"],"yoast_head":"<!-- This site is optimized with the Yoast SEO plugin v27.1.1 - https:\/\/yoast.com\/product\/yoast-seo-wordpress\/ -->\n<title>Zertifikate - PPE Factory<\/title>\n<meta name=\"robots\" content=\"index, follow, max-snippet:-1, max-image-preview:large, max-video-preview:-1\" \/>\n<link rel=\"canonical\" href=\"https:\/\/www.ppe-factory.com\/de\/zertifikate\/\" \/>\n<meta property=\"og:locale\" content=\"de_DE\" \/>\n<meta property=\"og:type\" content=\"article\" \/>\n<meta property=\"og:title\" content=\"Zertifikate - PPE Factory\" \/>\n<meta property=\"og:url\" content=\"https:\/\/www.ppe-factory.com\/de\/zertifikate\/\" \/>\n<meta property=\"og:site_name\" content=\"PPE Factory\" \/>\n<meta property=\"article:modified_time\" content=\"2024-12-24T10:42:34+00:00\" \/>\n<meta name=\"twitter:card\" content=\"summary_large_image\" \/>\n<meta name=\"twitter:label1\" content=\"Gesch\u00e4tzte Lesezeit\" \/>\n\t<meta name=\"twitter:data1\" content=\"1\u00a0Minute\" \/>\n<script type=\"application\/ld+json\" class=\"yoast-schema-graph\">{\"@context\":\"https:\/\/schema.org\",\"@graph\":[{\"@type\":\"WebPage\",\"@id\":\"https:\/\/www.ppe-factory.com\/de\/zertifikate\/\",\"url\":\"https:\/\/www.ppe-factory.com\/de\/zertifikate\/\",\"name\":\"Zertifikate - PPE Factory\",\"isPartOf\":{\"@id\":\"https:\/\/www.ppe-factory.com\/de\/#website\"},\"datePublished\":\"2024-11-27T10:32:01+00:00\",\"dateModified\":\"2024-12-24T10:42:34+00:00\",\"breadcrumb\":{\"@id\":\"https:\/\/www.ppe-factory.com\/de\/zertifikate\/#breadcrumb\"},\"inLanguage\":\"de\",\"potentialAction\":[{\"@type\":\"ReadAction\",\"target\":[\"https:\/\/www.ppe-factory.com\/de\/zertifikate\/\"]}]},{\"@type\":\"BreadcrumbList\",\"@id\":\"https:\/\/www.ppe-factory.com\/de\/zertifikate\/#breadcrumb\",\"itemListElement\":[{\"@type\":\"ListItem\",\"position\":1,\"name\":\"PPE Factory\",\"item\":\"https:\/\/www.ppe-factory.com\/de\/\"},{\"@type\":\"ListItem\",\"position\":2,\"name\":\"Zertifikate\"}]},{\"@type\":\"WebSite\",\"@id\":\"https:\/\/www.ppe-factory.com\/de\/#website\",\"url\":\"https:\/\/www.ppe-factory.com\/de\/\",\"name\":\"PPE Factory\",\"description\":\"\",\"potentialAction\":[{\"@type\":\"SearchAction\",\"target\":{\"@type\":\"EntryPoint\",\"urlTemplate\":\"https:\/\/www.ppe-factory.com\/de\/?s={search_term_string}\"},\"query-input\":{\"@type\":\"PropertyValueSpecification\",\"valueRequired\":true,\"valueName\":\"search_term_string\"}}],\"inLanguage\":\"de\"}]}<\/script>\n<!-- \/ Yoast SEO plugin. -->","yoast_head_json":{"title":"Zertifikate - PPE Factory","robots":{"index":"index","follow":"follow","max-snippet":"max-snippet:-1","max-image-preview":"max-image-preview:large","max-video-preview":"max-video-preview:-1"},"canonical":"https:\/\/www.ppe-factory.com\/de\/zertifikate\/","og_locale":"de_DE","og_type":"article","og_title":"Zertifikate - PPE Factory","og_url":"https:\/\/www.ppe-factory.com\/de\/zertifikate\/","og_site_name":"PPE Factory","article_modified_time":"2024-12-24T10:42:34+00:00","twitter_card":"summary_large_image","twitter_misc":{"Gesch\u00e4tzte Lesezeit":"1\u00a0Minute"},"schema":{"@context":"https:\/\/schema.org","@graph":[{"@type":"WebPage","@id":"https:\/\/www.ppe-factory.com\/de\/zertifikate\/","url":"https:\/\/www.ppe-factory.com\/de\/zertifikate\/","name":"Zertifikate - PPE Factory","isPartOf":{"@id":"https:\/\/www.ppe-factory.com\/de\/#website"},"datePublished":"2024-11-27T10:32:01+00:00","dateModified":"2024-12-24T10:42:34+00:00","breadcrumb":{"@id":"https:\/\/www.ppe-factory.com\/de\/zertifikate\/#breadcrumb"},"inLanguage":"de","potentialAction":[{"@type":"ReadAction","target":["https:\/\/www.ppe-factory.com\/de\/zertifikate\/"]}]},{"@type":"BreadcrumbList","@id":"https:\/\/www.ppe-factory.com\/de\/zertifikate\/#breadcrumb","itemListElement":[{"@type":"ListItem","position":1,"name":"PPE Factory","item":"https:\/\/www.ppe-factory.com\/de\/"},{"@type":"ListItem","position":2,"name":"Zertifikate"}]},{"@type":"WebSite","@id":"https:\/\/www.ppe-factory.com\/de\/#website","url":"https:\/\/www.ppe-factory.com\/de\/","name":"PPE Factory","description":"","potentialAction":[{"@type":"SearchAction","target":{"@type":"EntryPoint","urlTemplate":"https:\/\/www.ppe-factory.com\/de\/?s={search_term_string}"},"query-input":{"@type":"PropertyValueSpecification","valueRequired":true,"valueName":"search_term_string"}}],"inLanguage":"de"}]}},"_links":{"self":[{"href":"https:\/\/www.ppe-factory.com\/de\/wp-json\/wp\/v2\/pages\/6919","targetHints":{"allow":["GET"]}}],"collection":[{"href":"https:\/\/www.ppe-factory.com\/de\/wp-json\/wp\/v2\/pages"}],"about":[{"href":"https:\/\/www.ppe-factory.com\/de\/wp-json\/wp\/v2\/types\/page"}],"author":[{"embeddable":true,"href":"https:\/\/www.ppe-factory.com\/de\/wp-json\/wp\/v2\/users\/1"}],"replies":[{"embeddable":true,"href":"https:\/\/www.ppe-factory.com\/de\/wp-json\/wp\/v2\/comments?post=6919"}],"version-history":[{"count":9,"href":"https:\/\/www.ppe-factory.com\/de\/wp-json\/wp\/v2\/pages\/6919\/revisions"}],"predecessor-version":[{"id":6989,"href":"https:\/\/www.ppe-factory.com\/de\/wp-json\/wp\/v2\/pages\/6919\/revisions\/6989"}],"wp:attachment":[{"href":"https:\/\/www.ppe-factory.com\/de\/wp-json\/wp\/v2\/media?parent=6919"}],"curies":[{"name":"wp","href":"https:\/\/api.w.org\/{rel}","templated":true}]}}