{"id":2598,"date":"2021-04-14T08:41:36","date_gmt":"2021-04-14T08:41:36","guid":{"rendered":"https:\/\/www.ppe-factory.com\/we-care\/"},"modified":"2021-05-28T11:20:40","modified_gmt":"2021-05-28T11:20:40","slug":"we-care","status":"publish","type":"page","link":"https:\/\/www.ppe-factory.com\/es\/we-care\/","title":{"rendered":"We care"},"content":{"rendered":"<p><div class=\"fusion-fullwidth fullwidth-box fusion-builder-row-1 fusion-flex-container fusion-parallax-none nonhundred-percent-fullwidth non-hundred-percent-height-scrolling landingspage-header-wrapper\" style=\"--awb-border-radius-top-left:0px;--awb-border-radius-top-right:0px;--awb-border-radius-bottom-right:0px;--awb-border-radius-bottom-left:0px;--awb-background-image:linear-gradient(180deg, rgba(10,10,10,0.6) 0%,#0a0a0a 100%),url(https:\/\/www.ppe-factory.com\/wp-content\/uploads\/2021\/05\/nature.jpg);;--awb-background-size:cover;--awb-flex-wrap:wrap;\" ><div class=\"fusion-builder-row fusion-row fusion-flex-align-items-center fusion-flex-content-wrap\" style=\"max-width:1352px;margin-left: calc(-4% \/ 2 );margin-right: calc(-4% \/ 2 );\"><div class=\"fusion-layout-column fusion_builder_column fusion-builder-column-0 fusion_builder_column_1_1 1_1 fusion-flex-column\" style=\"--awb-bg-size:cover;--awb-width-large:100%;--awb-margin-top-large:0px;--awb-spacing-right-large:1.92%;--awb-margin-bottom-large:24px;--awb-spacing-left-large:1.92%;--awb-width-medium:100%;--awb-order-medium:0;--awb-spacing-right-medium:1.92%;--awb-spacing-left-medium:1.92%;--awb-width-small:100%;--awb-order-small:0;--awb-spacing-right-small:1.92%;--awb-spacing-left-small:1.92%;\"><div class=\"fusion-column-wrapper fusion-column-has-shadow fusion-flex-justify-content-flex-start fusion-content-layout-column\"><div class=\"fusion-title title fusion-title-1 fusion-sep-none fusion-title-text fusion-title-size-one\" style=\"--awb-margin-bottom:0px;--awb-margin-top-small:8px;--awb-margin-right-small:0px;--awb-margin-bottom-small:24px;--awb-margin-left-small:0px;\"><h1 class=\"fusion-title-heading title-heading-left fusion-responsive-typography-calculated\" style=\"margin:0;--fontSize:128;line-height:1;\">We care<\/h1><\/div><\/div><\/div><\/div><\/div><div class=\"fusion-fullwidth fullwidth-box fusion-builder-row-2 fusion-flex-container nonhundred-percent-fullwidth non-hundred-percent-height-scrolling\" style=\"--awb-border-radius-top-left:0px;--awb-border-radius-top-right:0px;--awb-border-radius-bottom-right:0px;--awb-border-radius-bottom-left:0px;--awb-flex-wrap:wrap;\" ><div class=\"fusion-builder-row fusion-row fusion-flex-align-items-center fusion-flex-content-wrap\" style=\"max-width:calc( 1300px + 100px );margin-left: calc(-100px \/ 2 );margin-right: calc(-100px \/ 2 );\"><div class=\"fusion-layout-column fusion_builder_column fusion-builder-column-1 fusion_builder_column_2_3 2_3 fusion-flex-column\" style=\"--awb-bg-size:cover;--awb-width-large:66.666666666667%;--awb-margin-top-large:0px;--awb-spacing-right-large:50px;--awb-margin-bottom-large:24px;--awb-spacing-left-large:50px;--awb-width-medium:66.666666666667%;--awb-order-medium:0;--awb-spacing-right-medium:50px;--awb-spacing-left-medium:50px;--awb-width-small:100%;--awb-order-small:0;--awb-spacing-right-small:50px;--awb-spacing-left-small:50px;\"><div class=\"fusion-column-wrapper fusion-column-has-shadow fusion-flex-justify-content-flex-start fusion-content-layout-column\"><div class=\"fusion-text fusion-text-1\"><p>Cada d\u00eda nuestro equipo trabaja con pasi\u00f3n para ofrecer el mejor producto al mejor precio. Adem\u00e1s, la responsabilidad social y medioambiental es un tema importante en nuestra empresa.<\/p>\n<p>Intentamos crear las mejores condiciones de trabajo para nuestros empleados, reduciendo nuestro impacto ambiental mediante el reciclaje de materiales y restos de ropa, utilizando envases biodegradables, y en lo posible, fibras biol\u00f3gicas.<\/p>\n<ul>\n<li>PPE Factory es socio oficial de Econyl. Tratamos de utilizar la mayor cantidad posible de fibra reciclada, incluidas redes de pesca envejecidas sacadas del mar.<\/li>\n<li>Ofrecemos a nuestros clientes la opci\u00f3n de devolvernos ropa usada y lavada, para reciclarla y crear nuevos productos.<\/li>\n<li>Todos los productos de limpieza que utilizamos en PPE Factory son org\u00e1nicos.<\/li>\n<li>Nuestras nuevas m\u00e1quinas garantizan el menor impacto medioambiental posible.<\/li>\n<li>Estamos usando nuevos envases, biodegradables o reciclables.<\/li>\n<\/ul>\n<p>Evidentemente hay mucho m\u00e1s por hacer y mucho en lo que podemos mejorar. Tiene toda nuestra atenci\u00f3n con la finalidad de poder hacer cualquier mejora posible. Nos complace trabajar con usted para reducir al m\u00e1ximo nuestra huella ambiental.<\/p>\n<p>Si tiene ideas que podamos implementar para lograr mejoras, estaremos encantados de pensar junto a usted y as\u00ed poder lograr resultados a\u00fan mejores.<\/p>\n<\/div><\/div><\/div><\/div><\/div><div class=\"fusion-fullwidth fullwidth-box fusion-builder-row-3 fusion-flex-container hundred-percent-fullwidth non-hundred-percent-height-scrolling\" style=\"--awb-border-radius-top-left:0px;--awb-border-radius-top-right:0px;--awb-border-radius-bottom-right:0px;--awb-border-radius-bottom-left:0px;--awb-padding-right:0px;--awb-padding-left:0px;--awb-flex-wrap:wrap;\" ><div class=\"fusion-builder-row fusion-row fusion-flex-align-items-flex-start fusion-flex-justify-content-center fusion-flex-content-wrap\" style=\"width:104% !important;max-width:104% !important;margin-left: calc(-4% \/ 2 );margin-right: calc(-4% \/ 2 );\"><div class=\"fusion-layout-column fusion_builder_column fusion-builder-column-2 fusion_builder_column_1_1 1_1 fusion-flex-column max-width-1300\" style=\"--awb-bg-size:cover;--awb-width-large:100%;--awb-margin-top-large:0px;--awb-spacing-right-large:1.92%;--awb-margin-bottom-large:24px;--awb-spacing-left-large:1.92%;--awb-width-medium:100%;--awb-order-medium:0;--awb-spacing-right-medium:1.92%;--awb-spacing-left-medium:1.92%;--awb-width-small:100%;--awb-order-small:0;--awb-spacing-right-small:1.92%;--awb-spacing-left-small:1.92%;\"><div class=\"fusion-column-wrapper fusion-column-has-shadow fusion-flex-justify-content-flex-start fusion-content-layout-column\"><div class=\"fusion-title title fusion-title-2 fusion-sep-none fusion-title-text fusion-title-size-two\" style=\"--awb-margin-top-small:8px;--awb-margin-right-small:0px;--awb-margin-bottom-small:24px;--awb-margin-left-small:0px;\"><h2 class=\"fusion-title-heading title-heading-left fusion-responsive-typography-calculated\" style=\"margin:0;--fontSize:64;line-height:1;\">Our Custom made products in action<\/h2><\/div><\/div><\/div><div class=\"fusion-layout-column fusion_builder_column fusion-builder-column-3 fusion_builder_column_1_1 1_1 fusion-flex-column\" style=\"--awb-bg-size:cover;--awb-width-large:100%;--awb-margin-top-large:0px;--awb-spacing-right-large:1.92%;--awb-margin-bottom-large:24px;--awb-spacing-left-large:1.92%;--awb-width-medium:100%;--awb-order-medium:0;--awb-spacing-right-medium:1.92%;--awb-spacing-left-medium:1.92%;--awb-width-small:100%;--awb-order-small:0;--awb-spacing-right-small:1.92%;--awb-spacing-left-small:1.92%;\"><div class=\"fusion-column-wrapper fusion-column-has-shadow fusion-flex-justify-content-flex-start fusion-content-layout-column\"><div class=\"posts-wrapper owl-carousel post-slider slides  masonary\"><div class=\"single-post-wrapper\"><div class=\"single-post-container  \"><div class=\"single-post-image\"><img decoding=\"async\" src=\"https:\/\/www.ppe-factory.com\/wp-content\/uploads\/2025\/04\/PPE-Factory_Li-Guard-Fire-Limitation-Blanket-49.jpg\"\/><\/div><\/div><\/div><div class=\"single-post-wrapper\"><div class=\"single-post-container  \"><div class=\"single-post-image\"><img decoding=\"async\" src=\"https:\/\/www.ppe-factory.com\/wp-content\/uploads\/2025\/04\/PPE-Factory_Li-Guard-Bike-battery-bag-helmet-82.jpg\"\/><\/div><\/div><div class=\"single-post-container  \"><div class=\"single-post-image\"><img decoding=\"async\" src=\"https:\/\/www.ppe-factory.com\/wp-content\/uploads\/2025\/03\/PPE-Factory_Li-Guard-Fire-Limitation-Blankets-108.jpg\"\/><\/div><\/div><\/div><div class=\"single-post-wrapper\"><div class=\"single-post-container  \"><div class=\"single-post-image\"><img decoding=\"async\" src=\"https:\/\/www.ppe-factory.com\/wp-content\/uploads\/2025\/03\/PPE-Factory_Li-Guard-Fire-Limitation-Blankets-26.jpg\"\/><\/div><\/div><\/div><div class=\"single-post-wrapper\"><div class=\"single-post-container  \"><div class=\"single-post-image\"><img decoding=\"async\" src=\"https:\/\/www.ppe-factory.com\/wp-content\/uploads\/2025\/03\/LiGuard-Fire-containment-solutions-119.jpg\"\/><\/div><\/div><div class=\"single-post-container  \"><div class=\"single-post-image\"><img decoding=\"async\" src=\"https:\/\/www.ppe-factory.com\/wp-content\/uploads\/2021\/03\/slide-6.jpg\"\/><\/div><\/div><\/div><div class=\"single-post-wrapper\"><div class=\"single-post-container  \"><div class=\"single-post-image\"><img decoding=\"async\" src=\"https:\/\/www.ppe-factory.com\/wp-content\/uploads\/2021\/03\/ppe-specials.jpg\"\/><\/div><\/div><\/div><div class=\"single-post-wrapper\"><div class=\"single-post-container  \"><div class=\"single-post-image\"><img decoding=\"async\" src=\"https:\/\/www.ppe-factory.com\/wp-content\/uploads\/2023\/02\/Heat-resistant-well-insulating-garments-women.jpg\"\/><\/div><\/div><div class=\"single-post-container  \"><div class=\"single-post-image\"><img decoding=\"async\" src=\"https:\/\/www.ppe-factory.com\/wp-content\/uploads\/2023\/02\/PPE-Factory-Heat-resistant-well-insulating-garments.jpg\"\/><\/div><\/div><\/div><div class=\"single-post-wrapper\"><div class=\"single-post-container  \"><div class=\"single-post-image\"><img decoding=\"async\" src=\"https:\/\/www.ppe-factory.com\/wp-content\/uploads\/2023\/10\/3899-Lady-and-Man-in-sweater-Cut-resistant-PPE-Factory.jpg\"\/><\/div><\/div><\/div><div class=\"single-post-wrapper\"><div class=\"single-post-container  \"><div class=\"single-post-image\"><img decoding=\"async\" src=\"https:\/\/www.ppe-factory.com\/wp-content\/uploads\/2023\/10\/3564-Sweatshirt-cut-restistant-PPE-Factory-Broodkruimel_Creations-106.jpg\"\/><\/div><\/div><div class=\"single-post-container  \"><div class=\"single-post-image\"><img decoding=\"async\" src=\"https:\/\/www.ppe-factory.com\/wp-content\/uploads\/2023\/09\/3096-T-shirt-Cut-resistent-PPE-Factory-Broodkruimel_Creations-45.jpg\"\/><\/div><\/div><\/div><div class=\"single-post-wrapper\"><div class=\"single-post-container  \"><div class=\"single-post-image\"><img decoding=\"async\" src=\"https:\/\/www.ppe-factory.com\/wp-content\/uploads\/2023\/09\/3564-Sweatshirt-cut-restistant-PPE-Factory-Broodkruimel_Creations-66.jpg\"\/><\/div><\/div><\/div><div class=\"single-post-wrapper\"><div class=\"single-post-container  \"><div class=\"single-post-image\"><img decoding=\"async\" src=\"https:\/\/www.ppe-factory.com\/wp-content\/uploads\/2023\/09\/Polo-shirt-3899-cut-resistant-color-grey.jpg\"\/><\/div><\/div><div class=\"single-post-container  \"><div class=\"single-post-image\"><img decoding=\"async\" src=\"https:\/\/www.ppe-factory.com\/wp-content\/uploads\/2023\/02\/PPE-Factory-heat-resistant-well-insulating-garments-sleeve.jpg\"\/><\/div><\/div><\/div><div class=\"single-post-wrapper\"><div class=\"single-post-container  \"><div class=\"single-post-image\"><img decoding=\"async\" src=\"https:\/\/www.ppe-factory.com\/wp-content\/uploads\/2018\/11\/glassbeater-slider-2.jpg\"\/><\/div><\/div><\/div><div class=\"single-post-wrapper\"><div class=\"single-post-container  \"><div class=\"single-post-image\"><img decoding=\"async\" src=\"https:\/\/www.ppe-factory.com\/wp-content\/uploads\/2021\/05\/Slider-PPE-14.jpg\"\/><\/div><\/div><div class=\"single-post-container  \"><div class=\"single-post-image\"><img decoding=\"async\" src=\"https:\/\/www.ppe-factory.com\/wp-content\/uploads\/2021\/05\/Slider-PPE-13.jpg\"\/><\/div><\/div><\/div><div class=\"single-post-wrapper\"><div class=\"single-post-container  \"><div class=\"single-post-image\"><img decoding=\"async\" src=\"https:\/\/www.ppe-factory.com\/wp-content\/uploads\/2021\/05\/Slider-PPE-12.jpg\"\/><\/div><\/div><\/div><div class=\"single-post-wrapper\"><div class=\"single-post-container  \"><div class=\"single-post-image\"><img decoding=\"async\" src=\"https:\/\/www.ppe-factory.com\/wp-content\/uploads\/2021\/05\/Slider-PPE-11.jpg\"\/><\/div><\/div><div class=\"single-post-container  \"><div class=\"single-post-image\"><img decoding=\"async\" src=\"https:\/\/www.ppe-factory.com\/wp-content\/uploads\/2021\/05\/Slider-PPE-9.jpg\"\/><\/div><\/div><\/div><div class=\"single-post-wrapper\"><div class=\"single-post-container  \"><div class=\"single-post-image\"><img decoding=\"async\" src=\"https:\/\/www.ppe-factory.com\/wp-content\/uploads\/2021\/05\/Slider-PPE-10.jpg\"\/><\/div><\/div><\/div><div class=\"single-post-wrapper\"><div class=\"single-post-container  \"><div class=\"single-post-image\"><img decoding=\"async\" src=\"https:\/\/www.ppe-factory.com\/wp-content\/uploads\/2021\/03\/Slider-PPE-7.jpg\"\/><\/div><\/div><div class=\"single-post-container  \"><div class=\"single-post-image\"><img decoding=\"async\" src=\"https:\/\/www.ppe-factory.com\/wp-content\/uploads\/2021\/03\/Slider-PPE-8.jpg\"\/><\/div><\/div><\/div><div class=\"single-post-wrapper\"><div class=\"single-post-container  \"><div class=\"single-post-image\"><img decoding=\"async\" src=\"https:\/\/www.ppe-factory.com\/wp-content\/uploads\/2021\/03\/Slider-PPE-4-1.jpg\"\/><\/div><\/div><\/div><div class=\"single-post-wrapper\"><div class=\"single-post-container  \"><div class=\"single-post-image\"><img decoding=\"async\" src=\"https:\/\/www.ppe-factory.com\/wp-content\/uploads\/2021\/03\/Slider-PPE-3.jpg\"\/><\/div><\/div><div class=\"single-post-container  \"><div class=\"single-post-image\"><img decoding=\"async\" src=\"https:\/\/www.ppe-factory.com\/wp-content\/uploads\/2021\/03\/Slider-PPE-5.jpg\"\/><\/div><\/div><\/div><div class=\"single-post-wrapper\"><div class=\"single-post-container  \"><div class=\"single-post-image\"><img decoding=\"async\" src=\"https:\/\/www.ppe-factory.com\/wp-content\/uploads\/2021\/03\/Slider-PPE-6.jpg\"\/><\/div><\/div><\/div><\/div><\/div><\/div><\/div><\/div><\/div><\/p>\n","protected":false},"excerpt":{"rendered":"","protected":false},"author":1,"featured_media":0,"parent":0,"menu_order":0,"comment_status":"closed","ping_status":"closed","template":"100-width.php","meta":{"footnotes":""},"class_list":["post-2598","page","type-page","status-publish","hentry"],"yoast_head":"<!-- This site is optimized with the Yoast SEO plugin v27.1.1 - https:\/\/yoast.com\/product\/yoast-seo-wordpress\/ -->\n<title>We care - PPE Factory<\/title>\n<meta name=\"robots\" content=\"index, follow, max-snippet:-1, max-image-preview:large, max-video-preview:-1\" \/>\n<link rel=\"canonical\" href=\"https:\/\/www.ppe-factory.com\/es\/we-care\/\" \/>\n<meta property=\"og:locale\" content=\"es_ES\" \/>\n<meta property=\"og:type\" content=\"article\" \/>\n<meta property=\"og:title\" content=\"We care - PPE Factory\" \/>\n<meta property=\"og:url\" content=\"https:\/\/www.ppe-factory.com\/es\/we-care\/\" \/>\n<meta property=\"og:site_name\" content=\"PPE Factory\" \/>\n<meta property=\"article:modified_time\" content=\"2021-05-28T11:20:40+00:00\" \/>\n<meta name=\"twitter:card\" content=\"summary_large_image\" \/>\n<meta name=\"twitter:label1\" content=\"Tiempo de lectura\" \/>\n\t<meta name=\"twitter:data1\" content=\"5 minutos\" \/>\n<script type=\"application\/ld+json\" class=\"yoast-schema-graph\">{\"@context\":\"https:\/\/schema.org\",\"@graph\":[{\"@type\":\"WebPage\",\"@id\":\"https:\/\/www.ppe-factory.com\/es\/we-care\/\",\"url\":\"https:\/\/www.ppe-factory.com\/es\/we-care\/\",\"name\":\"We care - PPE Factory\",\"isPartOf\":{\"@id\":\"https:\/\/www.ppe-factory.com\/es\/#website\"},\"datePublished\":\"2021-04-14T08:41:36+00:00\",\"dateModified\":\"2021-05-28T11:20:40+00:00\",\"breadcrumb\":{\"@id\":\"https:\/\/www.ppe-factory.com\/es\/we-care\/#breadcrumb\"},\"inLanguage\":\"es\",\"potentialAction\":[{\"@type\":\"ReadAction\",\"target\":[\"https:\/\/www.ppe-factory.com\/es\/we-care\/\"]}]},{\"@type\":\"BreadcrumbList\",\"@id\":\"https:\/\/www.ppe-factory.com\/es\/we-care\/#breadcrumb\",\"itemListElement\":[{\"@type\":\"ListItem\",\"position\":1,\"name\":\"PPE Factory\",\"item\":\"https:\/\/www.ppe-factory.com\/es\/\"},{\"@type\":\"ListItem\",\"position\":2,\"name\":\"We care\"}]},{\"@type\":\"WebSite\",\"@id\":\"https:\/\/www.ppe-factory.com\/es\/#website\",\"url\":\"https:\/\/www.ppe-factory.com\/es\/\",\"name\":\"PPE Factory\",\"description\":\"\",\"potentialAction\":[{\"@type\":\"SearchAction\",\"target\":{\"@type\":\"EntryPoint\",\"urlTemplate\":\"https:\/\/www.ppe-factory.com\/es\/?s={search_term_string}\"},\"query-input\":{\"@type\":\"PropertyValueSpecification\",\"valueRequired\":true,\"valueName\":\"search_term_string\"}}],\"inLanguage\":\"es\"}]}<\/script>\n<!-- \/ Yoast SEO plugin. -->","yoast_head_json":{"title":"We care - PPE Factory","robots":{"index":"index","follow":"follow","max-snippet":"max-snippet:-1","max-image-preview":"max-image-preview:large","max-video-preview":"max-video-preview:-1"},"canonical":"https:\/\/www.ppe-factory.com\/es\/we-care\/","og_locale":"es_ES","og_type":"article","og_title":"We care - PPE Factory","og_url":"https:\/\/www.ppe-factory.com\/es\/we-care\/","og_site_name":"PPE Factory","article_modified_time":"2021-05-28T11:20:40+00:00","twitter_card":"summary_large_image","twitter_misc":{"Tiempo de lectura":"5 minutos"},"schema":{"@context":"https:\/\/schema.org","@graph":[{"@type":"WebPage","@id":"https:\/\/www.ppe-factory.com\/es\/we-care\/","url":"https:\/\/www.ppe-factory.com\/es\/we-care\/","name":"We care - PPE Factory","isPartOf":{"@id":"https:\/\/www.ppe-factory.com\/es\/#website"},"datePublished":"2021-04-14T08:41:36+00:00","dateModified":"2021-05-28T11:20:40+00:00","breadcrumb":{"@id":"https:\/\/www.ppe-factory.com\/es\/we-care\/#breadcrumb"},"inLanguage":"es","potentialAction":[{"@type":"ReadAction","target":["https:\/\/www.ppe-factory.com\/es\/we-care\/"]}]},{"@type":"BreadcrumbList","@id":"https:\/\/www.ppe-factory.com\/es\/we-care\/#breadcrumb","itemListElement":[{"@type":"ListItem","position":1,"name":"PPE Factory","item":"https:\/\/www.ppe-factory.com\/es\/"},{"@type":"ListItem","position":2,"name":"We care"}]},{"@type":"WebSite","@id":"https:\/\/www.ppe-factory.com\/es\/#website","url":"https:\/\/www.ppe-factory.com\/es\/","name":"PPE Factory","description":"","potentialAction":[{"@type":"SearchAction","target":{"@type":"EntryPoint","urlTemplate":"https:\/\/www.ppe-factory.com\/es\/?s={search_term_string}"},"query-input":{"@type":"PropertyValueSpecification","valueRequired":true,"valueName":"search_term_string"}}],"inLanguage":"es"}]}},"_links":{"self":[{"href":"https:\/\/www.ppe-factory.com\/es\/wp-json\/wp\/v2\/pages\/2598","targetHints":{"allow":["GET"]}}],"collection":[{"href":"https:\/\/www.ppe-factory.com\/es\/wp-json\/wp\/v2\/pages"}],"about":[{"href":"https:\/\/www.ppe-factory.com\/es\/wp-json\/wp\/v2\/types\/page"}],"author":[{"embeddable":true,"href":"https:\/\/www.ppe-factory.com\/es\/wp-json\/wp\/v2\/users\/1"}],"replies":[{"embeddable":true,"href":"https:\/\/www.ppe-factory.com\/es\/wp-json\/wp\/v2\/comments?post=2598"}],"version-history":[{"count":3,"href":"https:\/\/www.ppe-factory.com\/es\/wp-json\/wp\/v2\/pages\/2598\/revisions"}],"predecessor-version":[{"id":3010,"href":"https:\/\/www.ppe-factory.com\/es\/wp-json\/wp\/v2\/pages\/2598\/revisions\/3010"}],"wp:attachment":[{"href":"https:\/\/www.ppe-factory.com\/es\/wp-json\/wp\/v2\/media?parent=2598"}],"curies":[{"name":"wp","href":"https:\/\/api.w.org\/{rel}","templated":true}]}}