{"id":6922,"date":"2024-11-27T10:37:26","date_gmt":"2024-11-27T10:37:26","guid":{"rendered":"https:\/\/www.ppe-factory.com\/certificados\/"},"modified":"2024-12-24T10:45:10","modified_gmt":"2024-12-24T10:45:10","slug":"certificados","status":"publish","type":"page","link":"https:\/\/www.ppe-factory.com\/es\/certificados\/","title":{"rendered":"Certificados"},"content":{"rendered":"<div class=\"fusion-fullwidth fullwidth-box fusion-builder-row-1 fusion-flex-container has-pattern-background has-mask-background nonhundred-percent-fullwidth non-hundred-percent-height-scrolling\" style=\"--awb-border-radius-top-left:0px;--awb-border-radius-top-right:0px;--awb-border-radius-bottom-right:0px;--awb-border-radius-bottom-left:0px;--awb-padding-top:228px;--awb-flex-wrap:wrap;\" ><div class=\"fusion-builder-row fusion-row fusion-flex-align-items-flex-start fusion-flex-content-wrap\" style=\"max-width:1352px;margin-left: calc(-4% \/ 2 );margin-right: calc(-4% \/ 2 );\"><div class=\"fusion-layout-column fusion_builder_column fusion-builder-column-0 fusion_builder_column_3_4 3_4 fusion-flex-column\" style=\"--awb-bg-size:cover;--awb-width-large:75%;--awb-margin-top-large:0px;--awb-spacing-right-large:2.56%;--awb-margin-bottom-large:24px;--awb-spacing-left-large:2.56%;--awb-width-medium:75%;--awb-order-medium:0;--awb-spacing-right-medium:2.56%;--awb-spacing-left-medium:2.56%;--awb-width-small:100%;--awb-order-small:0;--awb-spacing-right-small:1.92%;--awb-spacing-left-small:1.92%;\"><div class=\"fusion-column-wrapper fusion-column-has-shadow fusion-flex-justify-content-flex-start fusion-content-layout-column\"><div class=\"fusion-title title fusion-title-1 fusion-sep-none fusion-title-text fusion-title-size-one\" style=\"--awb-margin-top-small:8px;--awb-margin-right-small:0px;--awb-margin-bottom-small:24px;--awb-margin-left-small:0px;\"><h1 class=\"fusion-title-heading title-heading-left fusion-responsive-typography-calculated\" style=\"margin:0;--fontSize:128;line-height:1;\">Certificados<\/h1><\/div><div class=\"fusion-text fusion-text-1\"><h3>Certificado AITEX<\/h3>\n<p>Nuestros equipos de protecci\u00f3n individual (EPI) le ofrecen el factor de protecci\u00f3n m\u00e1s elevado a la vez que resultan c\u00f3modos y ligeros de llevar.<\/p>\n<p><strong>Camisas<\/strong><\/p>\n<p>Con certificaci\u00f3n AITEX para los niveles E y F, las mangas de las:<\/p>\n<ul>\n<li><a href=\"https:\/\/www.ppe-factory.com\/product\/t-shirt-3096\/\" target=\"_blank\" rel=\"noopener\">Camisetas (3096)<\/a><\/li>\n<li><a href=\"https:\/\/www.ppe-factory.com\/product\/t-shirt-3096\/\" target=\"_blank\" rel=\"noopener\">Polos (3899)<\/a><\/li>\n<li><a href=\"https:\/\/www.ppe-factory.com\/product\/sweatshirt-3564\/\" target=\"_blank\" rel=\"noopener\">Sudaderas (3564)<\/a>.<\/li>\n<\/ul>\n<p><strong>Pantalones<\/strong><\/p>\n<ul>\n<li><a href=\"https:\/\/www.ppe-factory.com\/product\/trousers-6002\/\" target=\"_blank\" rel=\"noopener\">Pantalones 6000 &amp; 6002<\/a><\/li>\n<\/ul>\n<p>Como PPE Factory mejora constantemente sus productos, pronto publicaremos aqu\u00ed m\u00e1s certificados concedidos para nuestra amplia colecci\u00f3n de EPI.<\/p>\n<\/div><div ><a class=\"fusion-button button-flat fusion-button-default-size button-default fusion-button-default button-1 fusion-button-default-span fusion-button-default-type\" style=\"--button_margin-top:24px;\" target=\"_blank\" rel=\"noopener noreferrer\" href=\"https:\/\/www.ppe-factory.com\/wp-content\/uploads\/2024\/11\/2023ep4313-AITEX-certificate-for-PPE-Factory_sm.pdf\"><span class=\"fusion-button-text awb-button__text awb-button__text--default\">AITEX Certificado shirts nivel E<\/span><\/a><\/div><div ><a class=\"fusion-button button-flat fusion-button-default-size button-default fusion-button-default button-2 fusion-button-default-span fusion-button-default-type\" style=\"--button_margin-top:24px;\" target=\"_blank\" rel=\"noopener noreferrer\" href=\"https:\/\/www.ppe-factory.com\/wp-content\/uploads\/2024\/11\/2024EP0246-1-AITEX-certificate-for-PPE-Factory.pdf\"><span class=\"fusion-button-text awb-button__text awb-button__text--default\">AITEX Certificado shirts nivel F<\/span><\/a><\/div><div ><a class=\"fusion-button button-flat fusion-button-default-size button-default fusion-button-default button-3 fusion-button-default-span fusion-button-default-type\" style=\"--button_margin-top:24px;\" target=\"_blank\" rel=\"noopener noreferrer\" href=\"https:\/\/www.ppe-factory.com\/wp-content\/uploads\/2024\/12\/2024ep2671-Aitex-certificate-for-trousers-PPE-Factory.pdf\"><span class=\"fusion-button-text awb-button__text awb-button__text--default\">AITEX Certificate trousers<\/span><\/a><\/div>\n<div class=\"fusion-text fusion-text-2\" style=\"--awb-margin-top:3vw;\"><h3>Certificado ISO 9001<\/h3>\n<p>ISO 9001 es una norma reconocida mundialmente con requisitos de gesti\u00f3n de calidad y, por lo tanto, un punto de referencia de transparencia y fiabilidad en el mercado. La gesti\u00f3n de calidad se refleja en todas las partes del proceso de producci\u00f3n en PPE Factory.<\/p>\n<\/div><div ><a class=\"fusion-button button-flat fusion-button-default-size button-default fusion-button-default button-4 fusion-button-default-span fusion-button-default-type\" style=\"--button_margin-top:24px;\" target=\"_blank\" rel=\"noopener noreferrer\" href=\"https:\/\/www.ppe-factory.com\/wp-content\/uploads\/2024\/11\/ISO-9001_2241570_UK_2024-PPE-Factory.pdf\"><span class=\"fusion-button-text awb-button__text awb-button__text--default\">ISO 9001 Certificado<\/span><\/a><\/div><\/div><\/div><\/div><\/div>\n","protected":false},"excerpt":{"rendered":"","protected":false},"author":1,"featured_media":0,"parent":0,"menu_order":0,"comment_status":"closed","ping_status":"closed","template":"","meta":{"footnotes":""},"class_list":["post-6922","page","type-page","status-publish","hentry"],"yoast_head":"<!-- This site is optimized with the Yoast SEO plugin v27.1.1 - https:\/\/yoast.com\/product\/yoast-seo-wordpress\/ -->\n<title>Certificados - PPE Factory<\/title>\n<meta name=\"robots\" content=\"index, follow, max-snippet:-1, max-image-preview:large, max-video-preview:-1\" \/>\n<link rel=\"canonical\" href=\"https:\/\/www.ppe-factory.com\/es\/certificados\/\" \/>\n<meta property=\"og:locale\" content=\"es_ES\" \/>\n<meta property=\"og:type\" content=\"article\" \/>\n<meta property=\"og:title\" content=\"Certificados - PPE Factory\" \/>\n<meta property=\"og:url\" content=\"https:\/\/www.ppe-factory.com\/es\/certificados\/\" \/>\n<meta property=\"og:site_name\" content=\"PPE Factory\" \/>\n<meta property=\"article:modified_time\" content=\"2024-12-24T10:45:10+00:00\" \/>\n<meta name=\"twitter:card\" content=\"summary_large_image\" \/>\n<meta name=\"twitter:label1\" content=\"Tiempo de lectura\" \/>\n\t<meta name=\"twitter:data1\" content=\"1 minuto\" \/>\n<script type=\"application\/ld+json\" class=\"yoast-schema-graph\">{\"@context\":\"https:\/\/schema.org\",\"@graph\":[{\"@type\":\"WebPage\",\"@id\":\"https:\/\/www.ppe-factory.com\/es\/certificados\/\",\"url\":\"https:\/\/www.ppe-factory.com\/es\/certificados\/\",\"name\":\"Certificados - PPE Factory\",\"isPartOf\":{\"@id\":\"https:\/\/www.ppe-factory.com\/es\/#website\"},\"datePublished\":\"2024-11-27T10:37:26+00:00\",\"dateModified\":\"2024-12-24T10:45:10+00:00\",\"breadcrumb\":{\"@id\":\"https:\/\/www.ppe-factory.com\/es\/certificados\/#breadcrumb\"},\"inLanguage\":\"es\",\"potentialAction\":[{\"@type\":\"ReadAction\",\"target\":[\"https:\/\/www.ppe-factory.com\/es\/certificados\/\"]}]},{\"@type\":\"BreadcrumbList\",\"@id\":\"https:\/\/www.ppe-factory.com\/es\/certificados\/#breadcrumb\",\"itemListElement\":[{\"@type\":\"ListItem\",\"position\":1,\"name\":\"PPE Factory\",\"item\":\"https:\/\/www.ppe-factory.com\/es\/\"},{\"@type\":\"ListItem\",\"position\":2,\"name\":\"Certificados\"}]},{\"@type\":\"WebSite\",\"@id\":\"https:\/\/www.ppe-factory.com\/es\/#website\",\"url\":\"https:\/\/www.ppe-factory.com\/es\/\",\"name\":\"PPE Factory\",\"description\":\"\",\"potentialAction\":[{\"@type\":\"SearchAction\",\"target\":{\"@type\":\"EntryPoint\",\"urlTemplate\":\"https:\/\/www.ppe-factory.com\/es\/?s={search_term_string}\"},\"query-input\":{\"@type\":\"PropertyValueSpecification\",\"valueRequired\":true,\"valueName\":\"search_term_string\"}}],\"inLanguage\":\"es\"}]}<\/script>\n<!-- \/ Yoast SEO plugin. -->","yoast_head_json":{"title":"Certificados - PPE Factory","robots":{"index":"index","follow":"follow","max-snippet":"max-snippet:-1","max-image-preview":"max-image-preview:large","max-video-preview":"max-video-preview:-1"},"canonical":"https:\/\/www.ppe-factory.com\/es\/certificados\/","og_locale":"es_ES","og_type":"article","og_title":"Certificados - PPE Factory","og_url":"https:\/\/www.ppe-factory.com\/es\/certificados\/","og_site_name":"PPE Factory","article_modified_time":"2024-12-24T10:45:10+00:00","twitter_card":"summary_large_image","twitter_misc":{"Tiempo de lectura":"1 minuto"},"schema":{"@context":"https:\/\/schema.org","@graph":[{"@type":"WebPage","@id":"https:\/\/www.ppe-factory.com\/es\/certificados\/","url":"https:\/\/www.ppe-factory.com\/es\/certificados\/","name":"Certificados - PPE Factory","isPartOf":{"@id":"https:\/\/www.ppe-factory.com\/es\/#website"},"datePublished":"2024-11-27T10:37:26+00:00","dateModified":"2024-12-24T10:45:10+00:00","breadcrumb":{"@id":"https:\/\/www.ppe-factory.com\/es\/certificados\/#breadcrumb"},"inLanguage":"es","potentialAction":[{"@type":"ReadAction","target":["https:\/\/www.ppe-factory.com\/es\/certificados\/"]}]},{"@type":"BreadcrumbList","@id":"https:\/\/www.ppe-factory.com\/es\/certificados\/#breadcrumb","itemListElement":[{"@type":"ListItem","position":1,"name":"PPE Factory","item":"https:\/\/www.ppe-factory.com\/es\/"},{"@type":"ListItem","position":2,"name":"Certificados"}]},{"@type":"WebSite","@id":"https:\/\/www.ppe-factory.com\/es\/#website","url":"https:\/\/www.ppe-factory.com\/es\/","name":"PPE Factory","description":"","potentialAction":[{"@type":"SearchAction","target":{"@type":"EntryPoint","urlTemplate":"https:\/\/www.ppe-factory.com\/es\/?s={search_term_string}"},"query-input":{"@type":"PropertyValueSpecification","valueRequired":true,"valueName":"search_term_string"}}],"inLanguage":"es"}]}},"_links":{"self":[{"href":"https:\/\/www.ppe-factory.com\/es\/wp-json\/wp\/v2\/pages\/6922","targetHints":{"allow":["GET"]}}],"collection":[{"href":"https:\/\/www.ppe-factory.com\/es\/wp-json\/wp\/v2\/pages"}],"about":[{"href":"https:\/\/www.ppe-factory.com\/es\/wp-json\/wp\/v2\/types\/page"}],"author":[{"embeddable":true,"href":"https:\/\/www.ppe-factory.com\/es\/wp-json\/wp\/v2\/users\/1"}],"replies":[{"embeddable":true,"href":"https:\/\/www.ppe-factory.com\/es\/wp-json\/wp\/v2\/comments?post=6922"}],"version-history":[{"count":5,"href":"https:\/\/www.ppe-factory.com\/es\/wp-json\/wp\/v2\/pages\/6922\/revisions"}],"predecessor-version":[{"id":6991,"href":"https:\/\/www.ppe-factory.com\/es\/wp-json\/wp\/v2\/pages\/6922\/revisions\/6991"}],"wp:attachment":[{"href":"https:\/\/www.ppe-factory.com\/es\/wp-json\/wp\/v2\/media?parent=6922"}],"curies":[{"name":"wp","href":"https:\/\/api.w.org\/{rel}","templated":true}]}}