{"id":6862,"date":"2024-10-14T07:39:46","date_gmt":"2024-10-14T07:39:46","guid":{"rendered":"https:\/\/www.ppe-factory.com\/privacy-policy\/"},"modified":"2024-11-01T12:33:12","modified_gmt":"2024-11-01T12:33:12","slug":"privacy-policy","status":"publish","type":"page","link":"https:\/\/www.ppe-factory.com\/fr\/privacy-policy\/","title":{"rendered":"Privacy Policy"},"content":{"rendered":"<div class=\"fusion-fullwidth fullwidth-box fusion-builder-row-1 fusion-flex-container has-pattern-background has-mask-background nonhundred-percent-fullwidth non-hundred-percent-height-scrolling\" style=\"--awb-border-radius-top-left:0px;--awb-border-radius-top-right:0px;--awb-border-radius-bottom-right:0px;--awb-border-radius-bottom-left:0px;--awb-padding-top:256px;--awb-padding-top-small:64px;--awb-flex-wrap:wrap;\" ><div class=\"fusion-builder-row fusion-row fusion-flex-align-items-flex-start fusion-flex-content-wrap\" style=\"max-width:1352px;margin-left: calc(-4% \/ 2 );margin-right: calc(-4% \/ 2 );\"><div class=\"fusion-layout-column fusion_builder_column fusion-builder-column-0 fusion_builder_column_1_1 1_1 fusion-flex-column\" style=\"--awb-bg-blend:overlay;--awb-bg-size:cover;--awb-width-large:100%;--awb-margin-top-large:0px;--awb-spacing-right-large:1.92%;--awb-margin-bottom-large:0px;--awb-spacing-left-large:1.92%;--awb-width-medium:100%;--awb-spacing-right-medium:1.92%;--awb-spacing-left-medium:1.92%;--awb-width-small:100%;--awb-spacing-right-small:1.92%;--awb-spacing-left-small:1.92%;\"><div class=\"fusion-column-wrapper fusion-flex-justify-content-flex-start fusion-content-layout-column\"><div class=\"fusion-title title fusion-title-1 fusion-sep-none fusion-title-text fusion-title-size-one\" style=\"--awb-margin-top-small:8px;--awb-margin-right-small:0px;--awb-margin-bottom-small:24px;--awb-margin-left-small:0px;\"><h1 class=\"fusion-title-heading title-heading-left fusion-responsive-typography-calculated\" style=\"margin:0;--fontSize:128;line-height:1;\">Politique de protection de la vie priv\u00e9e<\/h1><\/div><div class=\"fusion-text fusion-text-1\"><h2>Qui sommes-nous ?<\/h2>\n<p>PPE FACTORY B.V.<br \/>\nLaan van Hilbelink 6-3<br \/>\n7101 WG Winterswijk<br \/>\nThe Netherlands<\/p>\n<p>info@ppe-factory.com<br \/>\nwww.ppe-factory.com<br \/>\n+31 (0)345 53 35 55<\/p>\n<h3>Commentaires<\/h3>\n<p>Lorsque les visiteurs laissent des commentaires sur le site, nous collectons les donn\u00e9es figurant dans le formulaire de commentaires, ainsi que l\u2019adresse IP du visiteur et la cha\u00eene \u00ab User Agent \u00bb du navigateur afin de faciliter la d\u00e9tection des spams.<\/p>\n<h3>Cookies<\/h3>\n<p>Si vous laissez un commentaire sur notre site, vous pouvez opter pour que votre nom, votre adresse de courrier \u00e9lectronique et votre site web soient enregistr\u00e9s dans des cookies. Cela sert \u00e0 vous faciliter la vie, parce que vous n\u2019aurez pas \u00e0 introduire de nouveau vos coordonn\u00e9es lorsque vous laisserez un autre commentaire. Ces cookies sont conserv\u00e9s pendant un an.<\/p>\n<p>Si vous vous rendez sur notre page de connexion, nous installerons un cookie temporaire pour d\u00e9terminer si votre navigateur accepte les cookies. Ce cookie ne contient pas de donn\u00e9es \u00e0 caract\u00e8re personnel et est supprim\u00e9 lorsque vous fermez votre navigateur.<\/p>\n<p>Lorsque vous vous connectez, nous installons \u00e9galement plusieurs cookies pour enregistrer vos informations de connexion et vos options d\u2019affichage \u00e0 l\u2019\u00e9cran. La dur\u00e9e de vie des cookies de connexion est de deux jours. Celle des cookies d\u2019options d\u2019\u00e9cran d\u2019un an. Si vous s\u00e9lectionnez \u00ab\u00a0Se souvenir de moi\u00a0\u00bb, votre connexion persistera pendant deux semaines. Si vous vous d\u00e9connectez de votre compte, les cookies de connexion seront retir\u00e9s.<\/p>\n<h3>Contenu int\u00e9gr\u00e9 d\u2019autres sites web<\/h3>\n<p>Les articles figurant sur ce site peuvent comprendre du contenu int\u00e9gr\u00e9 (comme des vid\u00e9os, des images, des articles, etc.). Le contenu int\u00e9gr\u00e9 provenant d\u2019autres sites web r\u00e9agit exactement comme si le visiteur visitait ces autres sites web.<\/p>\n<p>Ces sites web peuvent collecter des donn\u00e9es vous concernant, utiliser des cookies, int\u00e9grer un tra\u00e7age suppl\u00e9mentaire par des tiers, et suivre votre interaction avec ce contenu int\u00e9gr\u00e9, en ce compris tracer votre interaction avec le contenu int\u00e9gr\u00e9 si vous avez un compte et que vous \u00eates connect\u00e9 \u00e0 ce site web.<\/p>\n<p>Si vous demandez une r\u00e9initialisation de votre mot de passe, votre adresse IP sera reprise dans l\u2019e-mail de r\u00e9initialisation.<\/p>\n<h3>Dur\u00e9e de conservation de vos donn\u00e9es<\/h3>\n<p>Nous stockons aussi dans leur profil les informations personnelles fournies (le cas \u00e9ch\u00e9ant) par les utilisateurs qui s\u2019inscrivent sur notre site web. Tous peuvent voir, modifier ou supprimer leurs informations personnelles, \u00e0 tout moment (ils ne peuvent par contre pas changer leur nom d\u2019utilisateur). Les administrateurs du site web peuvent \u00e9galement voir et modifier ces informations.<\/p>\n<h3>Quels sont les droits dont vous disposez sur vos donn\u00e9es ?<\/h3>\n<p>Si vous avez un compte sur ce site, ou si vous avez laiss\u00e9 des commentaires, vous pouvez demander \u00e0 recevoir un fichier export\u00e9 des donn\u00e9es \u00e0 caract\u00e8re personnel que nous d\u00e9tenons vous concernant, y compris toutes les donn\u00e9es que vous nous avez fournies. Vous pouvez \u00e9galement nous demander d\u2019effacer toutes les donn\u00e9es \u00e0 caract\u00e8re personnel que nous d\u00e9tenons vous concernant. Cela n\u2019inclut pas les donn\u00e9es que nous sommes oblig\u00e9s de conserver \u00e0 des fins administratives, juridiques ou de s\u00e9curit\u00e9.<\/p>\n<p>Veuillez nous contacter \u00e0 l\u2019adresse suivante\u00a0: info@ppe-factory.com. Nous nous ferons un plaisir de vous fournir toute l\u2019assistance que vous pourriez souhaiter.<\/p>\n<h3>O\u00f9 vos donn\u00e9es sont-elles envoy\u00e9es ?<\/h3>\n<p>Les commentaires des visiteurs peuvent \u00eatre v\u00e9rifi\u00e9s par un service automatis\u00e9 de d\u00e9tection des spams.<\/p>\n<h3>Amendements<\/h3>\n<p>La pr\u00e9sente d\u00e9claration de protection de la vie priv\u00e9e est adapt\u00e9e \u00e0 l\u2019utilisation et aux fonctionnalit\u00e9s de notre site web. Toute adaptation et\/ou modification de notre site web peut entra\u00eener des changements dans la pr\u00e9sente d\u00e9claration de protection de la vie priv\u00e9e. Il est donc conseill\u00e9 de consulter r\u00e9guli\u00e8rement la pr\u00e9sente d\u00e9claration de protection de la vie priv\u00e9e.<\/p>\n<\/div><\/div><\/div><\/div><\/div>\n","protected":false},"excerpt":{"rendered":"","protected":false},"author":1,"featured_media":0,"parent":0,"menu_order":0,"comment_status":"closed","ping_status":"closed","template":"","meta":{"footnotes":""},"class_list":["post-6862","page","type-page","status-publish","hentry"],"yoast_head":"<!-- This site is optimized with the Yoast SEO plugin v27.1.1 - https:\/\/yoast.com\/product\/yoast-seo-wordpress\/ -->\n<title>Privacy Policy - PPE Factory<\/title>\n<meta name=\"robots\" content=\"index, follow, max-snippet:-1, max-image-preview:large, max-video-preview:-1\" \/>\n<link rel=\"canonical\" href=\"https:\/\/www.ppe-factory.com\/fr\/privacy-policy\/\" \/>\n<meta property=\"og:locale\" content=\"fr_FR\" \/>\n<meta property=\"og:type\" content=\"article\" \/>\n<meta property=\"og:title\" content=\"Privacy Policy - PPE Factory\" \/>\n<meta property=\"og:url\" content=\"https:\/\/www.ppe-factory.com\/fr\/privacy-policy\/\" \/>\n<meta property=\"og:site_name\" content=\"PPE Factory\" \/>\n<meta property=\"article:modified_time\" content=\"2024-11-01T12:33:12+00:00\" \/>\n<meta name=\"twitter:card\" content=\"summary_large_image\" \/>\n<meta name=\"twitter:label1\" content=\"Dur\u00e9e de lecture estim\u00e9e\" \/>\n\t<meta name=\"twitter:data1\" content=\"3 minutes\" \/>\n<script type=\"application\/ld+json\" class=\"yoast-schema-graph\">{\"@context\":\"https:\/\/schema.org\",\"@graph\":[{\"@type\":\"WebPage\",\"@id\":\"https:\/\/www.ppe-factory.com\/fr\/privacy-policy\/\",\"url\":\"https:\/\/www.ppe-factory.com\/fr\/privacy-policy\/\",\"name\":\"Privacy Policy - PPE Factory\",\"isPartOf\":{\"@id\":\"https:\/\/www.ppe-factory.com\/fr\/#website\"},\"datePublished\":\"2024-10-14T07:39:46+00:00\",\"dateModified\":\"2024-11-01T12:33:12+00:00\",\"breadcrumb\":{\"@id\":\"https:\/\/www.ppe-factory.com\/fr\/privacy-policy\/#breadcrumb\"},\"inLanguage\":\"fr-FR\",\"potentialAction\":[{\"@type\":\"ReadAction\",\"target\":[\"https:\/\/www.ppe-factory.com\/fr\/privacy-policy\/\"]}]},{\"@type\":\"BreadcrumbList\",\"@id\":\"https:\/\/www.ppe-factory.com\/fr\/privacy-policy\/#breadcrumb\",\"itemListElement\":[{\"@type\":\"ListItem\",\"position\":1,\"name\":\"PPE Factory\",\"item\":\"https:\/\/www.ppe-factory.com\/fr\/\"},{\"@type\":\"ListItem\",\"position\":2,\"name\":\"Privacy Policy\"}]},{\"@type\":\"WebSite\",\"@id\":\"https:\/\/www.ppe-factory.com\/fr\/#website\",\"url\":\"https:\/\/www.ppe-factory.com\/fr\/\",\"name\":\"PPE Factory\",\"description\":\"\",\"potentialAction\":[{\"@type\":\"SearchAction\",\"target\":{\"@type\":\"EntryPoint\",\"urlTemplate\":\"https:\/\/www.ppe-factory.com\/fr\/?s={search_term_string}\"},\"query-input\":{\"@type\":\"PropertyValueSpecification\",\"valueRequired\":true,\"valueName\":\"search_term_string\"}}],\"inLanguage\":\"fr-FR\"}]}<\/script>\n<!-- \/ Yoast SEO plugin. -->","yoast_head_json":{"title":"Privacy Policy - PPE Factory","robots":{"index":"index","follow":"follow","max-snippet":"max-snippet:-1","max-image-preview":"max-image-preview:large","max-video-preview":"max-video-preview:-1"},"canonical":"https:\/\/www.ppe-factory.com\/fr\/privacy-policy\/","og_locale":"fr_FR","og_type":"article","og_title":"Privacy Policy - PPE Factory","og_url":"https:\/\/www.ppe-factory.com\/fr\/privacy-policy\/","og_site_name":"PPE Factory","article_modified_time":"2024-11-01T12:33:12+00:00","twitter_card":"summary_large_image","twitter_misc":{"Dur\u00e9e de lecture estim\u00e9e":"3 minutes"},"schema":{"@context":"https:\/\/schema.org","@graph":[{"@type":"WebPage","@id":"https:\/\/www.ppe-factory.com\/fr\/privacy-policy\/","url":"https:\/\/www.ppe-factory.com\/fr\/privacy-policy\/","name":"Privacy Policy - PPE Factory","isPartOf":{"@id":"https:\/\/www.ppe-factory.com\/fr\/#website"},"datePublished":"2024-10-14T07:39:46+00:00","dateModified":"2024-11-01T12:33:12+00:00","breadcrumb":{"@id":"https:\/\/www.ppe-factory.com\/fr\/privacy-policy\/#breadcrumb"},"inLanguage":"fr-FR","potentialAction":[{"@type":"ReadAction","target":["https:\/\/www.ppe-factory.com\/fr\/privacy-policy\/"]}]},{"@type":"BreadcrumbList","@id":"https:\/\/www.ppe-factory.com\/fr\/privacy-policy\/#breadcrumb","itemListElement":[{"@type":"ListItem","position":1,"name":"PPE Factory","item":"https:\/\/www.ppe-factory.com\/fr\/"},{"@type":"ListItem","position":2,"name":"Privacy Policy"}]},{"@type":"WebSite","@id":"https:\/\/www.ppe-factory.com\/fr\/#website","url":"https:\/\/www.ppe-factory.com\/fr\/","name":"PPE Factory","description":"","potentialAction":[{"@type":"SearchAction","target":{"@type":"EntryPoint","urlTemplate":"https:\/\/www.ppe-factory.com\/fr\/?s={search_term_string}"},"query-input":{"@type":"PropertyValueSpecification","valueRequired":true,"valueName":"search_term_string"}}],"inLanguage":"fr-FR"}]}},"_links":{"self":[{"href":"https:\/\/www.ppe-factory.com\/fr\/wp-json\/wp\/v2\/pages\/6862","targetHints":{"allow":["GET"]}}],"collection":[{"href":"https:\/\/www.ppe-factory.com\/fr\/wp-json\/wp\/v2\/pages"}],"about":[{"href":"https:\/\/www.ppe-factory.com\/fr\/wp-json\/wp\/v2\/types\/page"}],"author":[{"embeddable":true,"href":"https:\/\/www.ppe-factory.com\/fr\/wp-json\/wp\/v2\/users\/1"}],"replies":[{"embeddable":true,"href":"https:\/\/www.ppe-factory.com\/fr\/wp-json\/wp\/v2\/comments?post=6862"}],"version-history":[{"count":2,"href":"https:\/\/www.ppe-factory.com\/fr\/wp-json\/wp\/v2\/pages\/6862\/revisions"}],"predecessor-version":[{"id":6864,"href":"https:\/\/www.ppe-factory.com\/fr\/wp-json\/wp\/v2\/pages\/6862\/revisions\/6864"}],"wp:attachment":[{"href":"https:\/\/www.ppe-factory.com\/fr\/wp-json\/wp\/v2\/media?parent=6862"}],"curies":[{"name":"wp","href":"https:\/\/api.w.org\/{rel}","templated":true}]}}