{"id":6916,"date":"2024-11-27T09:53:36","date_gmt":"2024-11-27T09:53:36","guid":{"rendered":"https:\/\/www.ppe-factory.com\/certificats\/"},"modified":"2024-12-24T10:31:45","modified_gmt":"2024-12-24T10:31:45","slug":"certificats","status":"publish","type":"page","link":"https:\/\/www.ppe-factory.com\/fr\/certificats\/","title":{"rendered":"Certificats"},"content":{"rendered":"<div class=\"fusion-fullwidth fullwidth-box fusion-builder-row-1 fusion-flex-container has-pattern-background has-mask-background nonhundred-percent-fullwidth non-hundred-percent-height-scrolling\" style=\"--awb-border-radius-top-left:0px;--awb-border-radius-top-right:0px;--awb-border-radius-bottom-right:0px;--awb-border-radius-bottom-left:0px;--awb-padding-top:228px;--awb-flex-wrap:wrap;\" ><div class=\"fusion-builder-row fusion-row fusion-flex-align-items-flex-start fusion-flex-content-wrap\" style=\"max-width:1352px;margin-left: calc(-4% \/ 2 );margin-right: calc(-4% \/ 2 );\"><div class=\"fusion-layout-column fusion_builder_column fusion-builder-column-0 fusion_builder_column_3_4 3_4 fusion-flex-column\" style=\"--awb-bg-size:cover;--awb-width-large:75%;--awb-margin-top-large:0px;--awb-spacing-right-large:2.56%;--awb-margin-bottom-large:24px;--awb-spacing-left-large:2.56%;--awb-width-medium:75%;--awb-order-medium:0;--awb-spacing-right-medium:2.56%;--awb-spacing-left-medium:2.56%;--awb-width-small:100%;--awb-order-small:0;--awb-spacing-right-small:1.92%;--awb-spacing-left-small:1.92%;\"><div class=\"fusion-column-wrapper fusion-column-has-shadow fusion-flex-justify-content-flex-start fusion-content-layout-column\"><div class=\"fusion-title title fusion-title-1 fusion-sep-none fusion-title-text fusion-title-size-one\" style=\"--awb-margin-top-small:8px;--awb-margin-right-small:0px;--awb-margin-bottom-small:24px;--awb-margin-left-small:0px;\"><h1 class=\"fusion-title-heading title-heading-left fusion-responsive-typography-calculated\" style=\"margin:0;--fontSize:128;line-height:1;\">Certificats<\/h1><\/div><div class=\"fusion-text fusion-text-1\"><h3>AITEX Certifi\u00e9<\/h3>\n<p>Nos \u00e9quipements de protection individuelle (EPI) vous offrent le facteur de protection le plus \u00e9lev\u00e9 tout en \u00e9tant confortables et l\u00e9gers \u00e0 porter.<\/p>\n<p><strong>Shirts<\/strong><br \/>\nAITEX certifi\u00e9s aux niveaux E et F sont les manches de la<\/p>\n<ul>\n<li><a href=\"https:\/\/www.ppe-factory.com\/product\/t-shirt-3096\/\" target=\"_blank\" rel=\"noopener\">T-shirts (3096)<\/a><\/li>\n<li><a href=\"https:\/\/www.ppe-factory.com\/product\/polo-shirt-3899\/\" target=\"_blank\" rel=\"noopener\">Les polos (3899)<\/a><\/li>\n<li><a href=\"https:\/\/www.ppe-factory.com\/product\/sweatshirt-3564\/\" target=\"_blank\" rel=\"noopener\">Sweatshirts (3564)<\/a>.<\/li>\n<\/ul>\n<p><strong>Pantalons<\/strong><\/p>\n<ul>\n<li><a href=\"https:\/\/www.ppe-factory.com\/product\/trousers-6002\/\" target=\"_blank\" rel=\"noopener\">Pantalons 6000 &amp; 6002<\/a><\/li>\n<\/ul>\n<p>PPE Factory am\u00e9liorant constamment ses produits, nous publierons bient\u00f4t d&rsquo;autres certificats d\u00e9cern\u00e9s \u00e0 notre vaste collection d&rsquo;EPI.<\/p>\n<\/div><div ><a class=\"fusion-button button-flat fusion-button-default-size button-default fusion-button-default button-1 fusion-button-default-span fusion-button-default-type\" style=\"--button_margin-top:24px;\" target=\"_blank\" rel=\"noopener noreferrer\" href=\"https:\/\/www.ppe-factory.com\/wp-content\/uploads\/2024\/11\/2023ep4313-AITEX-certificate-for-PPE-Factory_sm.pdf\"><span class=\"fusion-button-text awb-button__text awb-button__text--default\">AITEX Certificat shirts level E<\/span><\/a><\/div><div ><a class=\"fusion-button button-flat fusion-button-default-size button-default fusion-button-default button-2 fusion-button-default-span fusion-button-default-type\" style=\"--button_margin-top:24px;\" target=\"_blank\" rel=\"noopener noreferrer\" href=\"https:\/\/www.ppe-factory.com\/wp-content\/uploads\/2024\/11\/2024EP0246-1-AITEX-certificate-for-PPE-Factory.pdf\"><span class=\"fusion-button-text awb-button__text awb-button__text--default\">AITEX Certificat shirts level F<\/span><\/a><\/div><div ><a class=\"fusion-button button-flat fusion-button-default-size button-default fusion-button-default button-3 fusion-button-default-span fusion-button-default-type\" style=\"--button_margin-top:24px;\" target=\"_blank\" rel=\"noopener noreferrer\" href=\"https:\/\/www.ppe-factory.com\/wp-content\/uploads\/2024\/12\/2024ep2671-Aitex-certificate-for-trousers-PPE-Factory.pdf\"><span class=\"fusion-button-text awb-button__text awb-button__text--default\">AITEX Certificate trousers<\/span><\/a><\/div>\n<div class=\"fusion-text fusion-text-2\" style=\"--awb-margin-top:3vw;\"><h3>ISO 9001 Certifi\u00e9<\/h3>\n<p>La norme ISO 9001 est une norme mondialement reconnue qui impose des exigences en mati\u00e8re de gestion de la qualit\u00e9 et constitue donc une r\u00e9f\u00e9rence en mati\u00e8re de transparence et de fiabilit\u00e9 sur le march\u00e9. Chez PPE Factory, la qualit\u00e9 est pr\u00e9sente \u00e0 tous les stades du processus de production.<\/p>\n<\/div><div ><a class=\"fusion-button button-flat fusion-button-default-size button-default fusion-button-default button-4 fusion-button-default-span fusion-button-default-type\" style=\"--button_margin-top:24px;\" target=\"_blank\" rel=\"noopener noreferrer\" href=\"https:\/\/www.ppe-factory.com\/wp-content\/uploads\/2024\/11\/ISO-9001_2241570_UK_2024-PPE-Factory.pdf\"><span class=\"fusion-button-text awb-button__text awb-button__text--default\">ISO 9001 Certificat<\/span><\/a><\/div><\/div><\/div><\/div><\/div>\n","protected":false},"excerpt":{"rendered":"","protected":false},"author":1,"featured_media":0,"parent":0,"menu_order":0,"comment_status":"closed","ping_status":"closed","template":"","meta":{"footnotes":""},"class_list":["post-6916","page","type-page","status-publish","hentry"],"yoast_head":"<!-- This site is optimized with the Yoast SEO plugin v27.1.1 - https:\/\/yoast.com\/product\/yoast-seo-wordpress\/ -->\n<title>Certificats - PPE Factory<\/title>\n<meta name=\"robots\" content=\"index, follow, max-snippet:-1, max-image-preview:large, max-video-preview:-1\" \/>\n<link rel=\"canonical\" href=\"https:\/\/www.ppe-factory.com\/fr\/certificats\/\" \/>\n<meta property=\"og:locale\" content=\"fr_FR\" \/>\n<meta property=\"og:type\" content=\"article\" \/>\n<meta property=\"og:title\" content=\"Certificats - PPE Factory\" \/>\n<meta property=\"og:url\" content=\"https:\/\/www.ppe-factory.com\/fr\/certificats\/\" \/>\n<meta property=\"og:site_name\" content=\"PPE Factory\" \/>\n<meta property=\"article:modified_time\" content=\"2024-12-24T10:31:45+00:00\" \/>\n<meta name=\"twitter:card\" content=\"summary_large_image\" \/>\n<meta name=\"twitter:label1\" content=\"Dur\u00e9e de lecture estim\u00e9e\" \/>\n\t<meta name=\"twitter:data1\" content=\"1 minute\" \/>\n<script type=\"application\/ld+json\" class=\"yoast-schema-graph\">{\"@context\":\"https:\/\/schema.org\",\"@graph\":[{\"@type\":\"WebPage\",\"@id\":\"https:\/\/www.ppe-factory.com\/fr\/certificats\/\",\"url\":\"https:\/\/www.ppe-factory.com\/fr\/certificats\/\",\"name\":\"Certificats - PPE Factory\",\"isPartOf\":{\"@id\":\"https:\/\/www.ppe-factory.com\/fr\/#website\"},\"datePublished\":\"2024-11-27T09:53:36+00:00\",\"dateModified\":\"2024-12-24T10:31:45+00:00\",\"breadcrumb\":{\"@id\":\"https:\/\/www.ppe-factory.com\/fr\/certificats\/#breadcrumb\"},\"inLanguage\":\"fr-FR\",\"potentialAction\":[{\"@type\":\"ReadAction\",\"target\":[\"https:\/\/www.ppe-factory.com\/fr\/certificats\/\"]}]},{\"@type\":\"BreadcrumbList\",\"@id\":\"https:\/\/www.ppe-factory.com\/fr\/certificats\/#breadcrumb\",\"itemListElement\":[{\"@type\":\"ListItem\",\"position\":1,\"name\":\"PPE Factory\",\"item\":\"https:\/\/www.ppe-factory.com\/fr\/\"},{\"@type\":\"ListItem\",\"position\":2,\"name\":\"Certificats\"}]},{\"@type\":\"WebSite\",\"@id\":\"https:\/\/www.ppe-factory.com\/fr\/#website\",\"url\":\"https:\/\/www.ppe-factory.com\/fr\/\",\"name\":\"PPE Factory\",\"description\":\"\",\"potentialAction\":[{\"@type\":\"SearchAction\",\"target\":{\"@type\":\"EntryPoint\",\"urlTemplate\":\"https:\/\/www.ppe-factory.com\/fr\/?s={search_term_string}\"},\"query-input\":{\"@type\":\"PropertyValueSpecification\",\"valueRequired\":true,\"valueName\":\"search_term_string\"}}],\"inLanguage\":\"fr-FR\"}]}<\/script>\n<!-- \/ Yoast SEO plugin. -->","yoast_head_json":{"title":"Certificats - PPE Factory","robots":{"index":"index","follow":"follow","max-snippet":"max-snippet:-1","max-image-preview":"max-image-preview:large","max-video-preview":"max-video-preview:-1"},"canonical":"https:\/\/www.ppe-factory.com\/fr\/certificats\/","og_locale":"fr_FR","og_type":"article","og_title":"Certificats - PPE Factory","og_url":"https:\/\/www.ppe-factory.com\/fr\/certificats\/","og_site_name":"PPE Factory","article_modified_time":"2024-12-24T10:31:45+00:00","twitter_card":"summary_large_image","twitter_misc":{"Dur\u00e9e de lecture estim\u00e9e":"1 minute"},"schema":{"@context":"https:\/\/schema.org","@graph":[{"@type":"WebPage","@id":"https:\/\/www.ppe-factory.com\/fr\/certificats\/","url":"https:\/\/www.ppe-factory.com\/fr\/certificats\/","name":"Certificats - PPE Factory","isPartOf":{"@id":"https:\/\/www.ppe-factory.com\/fr\/#website"},"datePublished":"2024-11-27T09:53:36+00:00","dateModified":"2024-12-24T10:31:45+00:00","breadcrumb":{"@id":"https:\/\/www.ppe-factory.com\/fr\/certificats\/#breadcrumb"},"inLanguage":"fr-FR","potentialAction":[{"@type":"ReadAction","target":["https:\/\/www.ppe-factory.com\/fr\/certificats\/"]}]},{"@type":"BreadcrumbList","@id":"https:\/\/www.ppe-factory.com\/fr\/certificats\/#breadcrumb","itemListElement":[{"@type":"ListItem","position":1,"name":"PPE Factory","item":"https:\/\/www.ppe-factory.com\/fr\/"},{"@type":"ListItem","position":2,"name":"Certificats"}]},{"@type":"WebSite","@id":"https:\/\/www.ppe-factory.com\/fr\/#website","url":"https:\/\/www.ppe-factory.com\/fr\/","name":"PPE Factory","description":"","potentialAction":[{"@type":"SearchAction","target":{"@type":"EntryPoint","urlTemplate":"https:\/\/www.ppe-factory.com\/fr\/?s={search_term_string}"},"query-input":{"@type":"PropertyValueSpecification","valueRequired":true,"valueName":"search_term_string"}}],"inLanguage":"fr-FR"}]}},"_links":{"self":[{"href":"https:\/\/www.ppe-factory.com\/fr\/wp-json\/wp\/v2\/pages\/6916","targetHints":{"allow":["GET"]}}],"collection":[{"href":"https:\/\/www.ppe-factory.com\/fr\/wp-json\/wp\/v2\/pages"}],"about":[{"href":"https:\/\/www.ppe-factory.com\/fr\/wp-json\/wp\/v2\/types\/page"}],"author":[{"embeddable":true,"href":"https:\/\/www.ppe-factory.com\/fr\/wp-json\/wp\/v2\/users\/1"}],"replies":[{"embeddable":true,"href":"https:\/\/www.ppe-factory.com\/fr\/wp-json\/wp\/v2\/comments?post=6916"}],"version-history":[{"count":7,"href":"https:\/\/www.ppe-factory.com\/fr\/wp-json\/wp\/v2\/pages\/6916\/revisions"}],"predecessor-version":[{"id":6983,"href":"https:\/\/www.ppe-factory.com\/fr\/wp-json\/wp\/v2\/pages\/6916\/revisions\/6983"}],"wp:attachment":[{"href":"https:\/\/www.ppe-factory.com\/fr\/wp-json\/wp\/v2\/media?parent=6916"}],"curies":[{"name":"wp","href":"https:\/\/api.w.org\/{rel}","templated":true}]}}